{"id":4598,"date":"2025-08-26T16:56:29","date_gmt":"2025-08-26T13:56:29","guid":{"rendered":"https:\/\/magrat.eu\/blogi-ja-kkk\/"},"modified":"2025-12-05T11:13:01","modified_gmt":"2025-12-05T09:13:01","slug":"blog-faq","status":"publish","type":"page","link":"https:\/\/magrat.eu\/et\/blog-faq\/","title":{"rendered":"Blogi ja KKK"},"content":{"rendered":"<div class=\"wpb-content-wrapper\"><p>[vc_row full_width=&#8221;stretch_row&#8221; equal_height=&#8221;yes&#8221; content_placement=&#8221;middle&#8221; css=&#8221;.vc_custom_1747054718317{padding-top: 100px !important;padding-bottom: 100px !important;background-color: #FBFBFF !important;}&#8221; el_class=&#8221;phone-reverse-col&#8221;][vc_column width=&#8221;1\/2&#8243;]<div class=\"ult-content-box-container sp-heading-content\" >\t\t<div class=\"ult-content-box\" style=\"box-shadow: px px px px none;margin-top:0px;margin-right:50px;margin-bottom:0px;margin-left:50px;-webkit-transition: all 700ms ease;-moz-transition: all 700ms ease;-ms-transition: all 700ms ease;-o-transition: all 700ms ease;transition: all 700ms ease;\"  data-hover_box_shadow=\"none\"   data-responsive_margins=\"margin-top:50px;margin-right:0px;margin-bottom:0px;margin-left:0px;\"   data-normal_margins=\"margin-top:0px;margin-right:50px;margin-bottom:0px;margin-left:50px;\"  ><div id=\"ultimate-heading-425769e494487b10a\" class=\"uvc-heading ult-adjust-bottom-margin ultimate-heading-425769e494487b10a uvc-9069  uvc-heading-default-font-sizes\" data-hspacer=\"no_spacer\"  data-halign=\"left\" style=\"text-align:left\"><div class=\"uvc-heading-spacer no_spacer\" style=\"top\"><\/div><div class=\"uvc-main-heading ult-responsive\"  data-ultimate-target='.uvc-heading.ultimate-heading-425769e494487b10a h1'  data-responsive-json-new='{\"font-size\":\"\",\"line-height\":\"\"}' ><h1 style=\"--font-weight:theme;margin-bottom:30px;\">Blogi ja KKK<\/h1><\/div><\/div>[vc_row_inner][vc_column_inner width=&#8221;2\/3&#8243;][vc_column_text css=&#8221;.vc_custom_1756216871538{margin-bottom: 30px !important;border-color: #282828 !important;}&#8221; el_class=&#8221;fp-text-image&#8221;]<\/p>\n<p data-start=\"283\" data-end=\"530\">Me <strong data-start=\"286\" data-end=\"296\">Magratis<\/strong> usume, et teadlikud otsused viivad edukate ettev\u00f5teteni.<br data-start=\"363\" data-end=\"366\" \/>Seep\u00e4rast jagame regulaarselt teadmisi, juhendeid ja vahendeid, et aidata ettev\u00f5tjatel, investoritel ja ettev\u00f5tetel orienteeruda Eesti ja teiste riikide \u00e4rimaastikul.<\/p>\n<p data-start=\"532\" data-end=\"551\">Siit leiad:<\/p>\n<p>[\/vc_column_text]<style type=\"text\/css\" data-type=\"the7_shortcodes-inline-css\">#default-btn-d5476bd62af36a2fcef34cfe8e242316.ico-right-side > i {\n  margin-right: 0px;\n  margin-left: 8px;\n}\n#default-btn-d5476bd62af36a2fcef34cfe8e242316 > i {\n  margin-right: 8px;\n}<\/style><div class=\"btn-align-left\"><a href=\"https:\/\/magrat.eu\/et\/blog\/\" class=\"default-btn-shortcode dt-btn dt-btn-m button-outline-dark-blue  vc_custom_1764925966537\" id=\"default-btn-d5476bd62af36a2fcef34cfe8e242316\"><span>Blogi \u2013 Artiklid ettev\u00f5tte asutamisest, maksudest, n\u00f5uetele vastavusest ja ettev\u00f5tlusest Eestis<\/span><\/a><\/div><style type=\"text\/css\" data-type=\"the7_shortcodes-inline-css\">#default-btn-015140899a621baf560e4db09a79b7f4.ico-right-side > i {\n  margin-right: 0px;\n  margin-left: 8px;\n}\n#default-btn-015140899a621baf560e4db09a79b7f4 > i {\n  margin-right: 8px;\n}<\/style><div class=\"btn-align-left\"><a href=\"https:\/\/magrat.eu\/et\/faq\/\" class=\"default-btn-shortcode dt-btn dt-btn-m button-outline-dark-blue  vc_custom_1764925972104\" id=\"default-btn-015140899a621baf560e4db09a79b7f4\"><span>KKK \u2013 Kiired vastused klientide k\u00f5ige sagedasematele k\u00fcsimustele<\/span><\/a><\/div>[\/vc_column_inner][vc_column_inner width=&#8221;1\/3&#8243; offset=&#8221;vc_hidden-md vc_hidden-sm vc_hidden-xs&#8221;][\/vc_column_inner][\/vc_row_inner]\t\t<\/div><\/div>[\/vc_column][vc_column width=&#8221;1\/2&#8243;][vc_single_image image=&#8221;4056&#8243; img_size=&#8221;large&#8221; alignment=&#8221;center&#8221; css=&#8221;&#8221; el_class=&#8221;sp-slogan-image&#8221;][\/vc_column][\/vc_row][vc_section el_id=&#8221;moore-contact-block&#8221;][vc_row][vc_column]<div id=\"ultimate-heading-853569e494487b236\" class=\"uvc-heading ult-adjust-bottom-margin ultimate-heading-853569e494487b236 uvc-6222  uvc-heading-default-font-sizes\" data-hspacer=\"no_spacer\"  data-halign=\"center\" style=\"text-align:center\"><div class=\"uvc-heading-spacer no_spacer\" style=\"top\"><\/div><div class=\"uvc-main-heading ult-responsive\"  data-ultimate-target='.uvc-heading.ultimate-heading-853569e494487b236 h2'  data-responsive-json-new='{\"font-size\":\"\",\"line-height\":\"\"}' ><h2 style=\"--font-weight:theme;margin-top:20px;margin-bottom:20px;\">Ei ole kindel, kuidas me saame teid aidata?<\/h2><\/div><\/div>[vc_row_inner][vc_column_inner width=&#8221;1\/4&#8243; offset=&#8221;vc_hidden-sm vc_hidden-xs&#8221;][\/vc_column_inner][vc_column_inner width=&#8221;1\/2&#8243;]<div id=\"ultimate-heading-672669e494487b263\" class=\"uvc-heading ult-adjust-bottom-margin ultimate-heading-672669e494487b263 uvc-4021  uvc-heading-default-font-sizes\" data-hspacer=\"no_spacer\"  data-halign=\"center\" style=\"text-align:center\"><div class=\"uvc-heading-spacer no_spacer\" style=\"top\"><\/div><div class=\"uvc-sub-heading ult-responsive\"  data-ultimate-target='.uvc-heading.ultimate-heading-672669e494487b263 .uvc-sub-heading '  data-responsive-json-new='{\"font-size\":\"desktop:20px;\",\"line-height\":\"desktop:24px;\"}'  style=\"font-weight:normal;margin-bottom:30px;\">V\u00f5tke meiega \u00fchendust, me r\u00e4\u00e4gime hea meelega ja arutame, kuidas Magrat v\u00f5ib olla teie t\u00f6\u00f6riistakomplekti v\u00e4\u00e4rtuslikuks abimeheks.<\/div><\/div>[\/vc_column_inner][vc_column_inner width=&#8221;1\/4&#8243; offset=&#8221;vc_hidden-sm vc_hidden-xs&#8221;][\/vc_column_inner][\/vc_row_inner]<style type=\"text\/css\" data-type=\"the7_shortcodes-inline-css\">#default-btn-bb62807cb67cf1ba5a845e1e7402b975.ico-right-side > i {\n  margin-right: 0px;\n  margin-left: 8px;\n}\n#default-btn-bb62807cb67cf1ba5a845e1e7402b975 > i {\n  margin-right: 8px;\n}<\/style><div class=\"btn-align-center\"><a href=\"https:\/\/magrat.eu\/et\/contact\/\" class=\"default-btn-shortcode dt-btn dt-btn-m link-hover-off \" id=\"default-btn-bb62807cb67cf1ba5a845e1e7402b975\" title=\"Contact\"><span>V\u00f5tke meiega \u00fchendust<\/span><\/a><\/div>[\/vc_column][\/vc_row][\/vc_section]<\/p>\n<\/div>","protected":false},"excerpt":{"rendered":"<p>[vc_row full_width=&#8221;stretch_row&#8221; equal_height=&#8221;yes&#8221; content_placement=&#8221;middle&#8221; css=&#8221;.vc_custom_1747054718317{padding-top: 100px !important;padding-bottom: 100px !important;background-color: #FBFBFF !important;}&#8221; el_class=&#8221;phone-reverse-col&#8221;][vc_column width=&#8221;1\/2&#8243;][\/vc_column][vc_column width=&#8221;1\/2&#8243;][vc_single_image image=&#8221;4056&#8243; img_size=&#8221;large&#8221; alignment=&#8221;center&#8221; css=&#8221;&#8221; el_class=&#8221;sp-slogan-image&#8221;][\/vc_column][\/vc_row][vc_section el_id=&#8221;moore-contact-block&#8221;][vc_row][vc_column][vc_row_inner][vc_column_inner width=&#8221;1\/4&#8243; offset=&#8221;vc_hidden-sm vc_hidden-xs&#8221;][\/vc_column_inner][vc_column_inner width=&#8221;1\/2&#8243;][\/vc_column_inner][vc_column_inner width=&#8221;1\/4&#8243; offset=&#8221;vc_hidden-sm vc_hidden-xs&#8221;][\/vc_column_inner][\/vc_row_inner][\/vc_column][\/vc_row][\/vc_section]<\/p>\n","protected":false},"author":2,"featured_media":0,"parent":0,"menu_order":50,"comment_status":"closed","ping_status":"closed","template":"","meta":{"_acf_changed":false,"footnotes":""},"class_list":["post-4598","page","type-page","status-publish","hentry","description-off"],"acf":[],"yoast_head":"<!-- This site is optimized with the Yoast SEO plugin v27.3 - https:\/\/yoast.com\/product\/yoast-seo-wordpress\/ -->\n<title>Blogi ja KKK - Professional corporate services in Estonia | Magrat<\/title>\n<meta name=\"description\" content=\"Me Magratis usume, et teadlikud otsused viivad eduka ettev\u00f5tteni. Seep\u00e4rast jagame regulaarselt teadmisi, juhendeid ja ressursse.\" \/>\n<meta name=\"robots\" content=\"index, follow, max-snippet:-1, max-image-preview:large, max-video-preview:-1\" \/>\n<link rel=\"canonical\" href=\"https:\/\/magrat.eu\/et\/blog-faq\/\" \/>\n<meta property=\"og:locale\" content=\"et_EE\" \/>\n<meta property=\"og:type\" content=\"article\" \/>\n<meta property=\"og:title\" content=\"Blogi ja KKK - Professional corporate services in Estonia | Magrat\" \/>\n<meta property=\"og:description\" content=\"Me Magratis usume, et teadlikud otsused viivad eduka ettev\u00f5tteni. Seep\u00e4rast jagame regulaarselt teadmisi, juhendeid ja ressursse.\" \/>\n<meta property=\"og:url\" content=\"https:\/\/magrat.eu\/et\/blog-faq\/\" \/>\n<meta property=\"og:site_name\" content=\"Professional corporate services in Estonia | Magrat\" \/>\n<meta property=\"article:publisher\" content=\"https:\/\/www.facebook.com\/Magrat.eu\" \/>\n<meta property=\"article:modified_time\" content=\"2025-12-05T09:13:01+00:00\" \/>\n<meta property=\"og:image\" content=\"https:\/\/magrat.eu\/wp-content\/uploads\/2025\/10\/magrat-social-logo.jpg\" \/>\n\t<meta property=\"og:image:width\" content=\"1200\" \/>\n\t<meta property=\"og:image:height\" content=\"675\" \/>\n\t<meta property=\"og:image:type\" content=\"image\/jpeg\" \/>\n<meta name=\"twitter:card\" content=\"summary_large_image\" \/>\n<meta name=\"twitter:label1\" content=\"Est. reading time\" \/>\n\t<meta name=\"twitter:data1\" content=\"1 minut\" \/>\n<script type=\"application\/ld+json\" class=\"yoast-schema-graph\">{\"@context\":\"https:\\\/\\\/schema.org\",\"@graph\":[{\"@type\":\"WebPage\",\"@id\":\"https:\\\/\\\/magrat.eu\\\/et\\\/blog-faq\\\/\",\"url\":\"https:\\\/\\\/magrat.eu\\\/et\\\/blog-faq\\\/\",\"name\":\"Blogi ja KKK - Professional corporate services in Estonia | Magrat\",\"isPartOf\":{\"@id\":\"https:\\\/\\\/magrat.eu\\\/#website\"},\"datePublished\":\"2025-08-26T13:56:29+00:00\",\"dateModified\":\"2025-12-05T09:13:01+00:00\",\"description\":\"Me Magratis usume, et teadlikud otsused viivad eduka ettev\u00f5tteni. Seep\u00e4rast jagame regulaarselt teadmisi, juhendeid ja ressursse.\",\"breadcrumb\":{\"@id\":\"https:\\\/\\\/magrat.eu\\\/et\\\/blog-faq\\\/#breadcrumb\"},\"inLanguage\":\"et\",\"potentialAction\":[{\"@type\":\"ReadAction\",\"target\":[\"https:\\\/\\\/magrat.eu\\\/et\\\/blog-faq\\\/\"]}]},{\"@type\":\"BreadcrumbList\",\"@id\":\"https:\\\/\\\/magrat.eu\\\/et\\\/blog-faq\\\/#breadcrumb\",\"itemListElement\":[{\"@type\":\"ListItem\",\"position\":1,\"name\":\"Home\",\"item\":\"https:\\\/\\\/magrat.eu\\\/et\\\/\"},{\"@type\":\"ListItem\",\"position\":2,\"name\":\"Blogi ja KKK\"}]},{\"@type\":\"WebSite\",\"@id\":\"https:\\\/\\\/magrat.eu\\\/#website\",\"url\":\"https:\\\/\\\/magrat.eu\\\/\",\"name\":\"Professional corporate services in Estonia | Magrat O\u00dc\",\"description\":\"\",\"publisher\":{\"@id\":\"https:\\\/\\\/magrat.eu\\\/#organization\"},\"potentialAction\":[{\"@type\":\"SearchAction\",\"target\":{\"@type\":\"EntryPoint\",\"urlTemplate\":\"https:\\\/\\\/magrat.eu\\\/?s={search_term_string}\"},\"query-input\":{\"@type\":\"PropertyValueSpecification\",\"valueRequired\":true,\"valueName\":\"search_term_string\"}}],\"inLanguage\":\"et\"},{\"@type\":\"Organization\",\"@id\":\"https:\\\/\\\/magrat.eu\\\/#organization\",\"name\":\"Professional corporate services in Estonia | Magrat O\u00dc\",\"url\":\"https:\\\/\\\/magrat.eu\\\/\",\"logo\":{\"@type\":\"ImageObject\",\"inLanguage\":\"et\",\"@id\":\"https:\\\/\\\/magrat.eu\\\/#\\\/schema\\\/logo\\\/image\\\/\",\"url\":\"https:\\\/\\\/magrat.eu\\\/wp-content\\\/uploads\\\/2025\\\/10\\\/magrat-logo-social.png\",\"contentUrl\":\"https:\\\/\\\/magrat.eu\\\/wp-content\\\/uploads\\\/2025\\\/10\\\/magrat-logo-social.png\",\"width\":696,\"height\":696,\"caption\":\"Professional corporate services in Estonia | Magrat O\u00dc\"},\"image\":{\"@id\":\"https:\\\/\\\/magrat.eu\\\/#\\\/schema\\\/logo\\\/image\\\/\"},\"sameAs\":[\"https:\\\/\\\/www.facebook.com\\\/Magrat.eu\"]}]}<\/script>\n<!-- \/ Yoast SEO plugin. -->","yoast_head_json":{"title":"Blogi ja KKK - Professional corporate services in Estonia | Magrat","description":"Me Magratis usume, et teadlikud otsused viivad eduka ettev\u00f5tteni. Seep\u00e4rast jagame regulaarselt teadmisi, juhendeid ja ressursse.","robots":{"index":"index","follow":"follow","max-snippet":"max-snippet:-1","max-image-preview":"max-image-preview:large","max-video-preview":"max-video-preview:-1"},"canonical":"https:\/\/magrat.eu\/et\/blog-faq\/","og_locale":"et_EE","og_type":"article","og_title":"Blogi ja KKK - Professional corporate services in Estonia | Magrat","og_description":"Me Magratis usume, et teadlikud otsused viivad eduka ettev\u00f5tteni. Seep\u00e4rast jagame regulaarselt teadmisi, juhendeid ja ressursse.","og_url":"https:\/\/magrat.eu\/et\/blog-faq\/","og_site_name":"Professional corporate services in Estonia | Magrat","article_publisher":"https:\/\/www.facebook.com\/Magrat.eu","article_modified_time":"2025-12-05T09:13:01+00:00","og_image":[{"width":1200,"height":675,"url":"https:\/\/magrat.eu\/wp-content\/uploads\/2025\/10\/magrat-social-logo.jpg","type":"image\/jpeg"}],"twitter_card":"summary_large_image","twitter_misc":{"Est. reading time":"1 minut"},"schema":{"@context":"https:\/\/schema.org","@graph":[{"@type":"WebPage","@id":"https:\/\/magrat.eu\/et\/blog-faq\/","url":"https:\/\/magrat.eu\/et\/blog-faq\/","name":"Blogi ja KKK - Professional corporate services in Estonia | Magrat","isPartOf":{"@id":"https:\/\/magrat.eu\/#website"},"datePublished":"2025-08-26T13:56:29+00:00","dateModified":"2025-12-05T09:13:01+00:00","description":"Me Magratis usume, et teadlikud otsused viivad eduka ettev\u00f5tteni. Seep\u00e4rast jagame regulaarselt teadmisi, juhendeid ja ressursse.","breadcrumb":{"@id":"https:\/\/magrat.eu\/et\/blog-faq\/#breadcrumb"},"inLanguage":"et","potentialAction":[{"@type":"ReadAction","target":["https:\/\/magrat.eu\/et\/blog-faq\/"]}]},{"@type":"BreadcrumbList","@id":"https:\/\/magrat.eu\/et\/blog-faq\/#breadcrumb","itemListElement":[{"@type":"ListItem","position":1,"name":"Home","item":"https:\/\/magrat.eu\/et\/"},{"@type":"ListItem","position":2,"name":"Blogi ja KKK"}]},{"@type":"WebSite","@id":"https:\/\/magrat.eu\/#website","url":"https:\/\/magrat.eu\/","name":"Professional corporate services in Estonia | Magrat O\u00dc","description":"","publisher":{"@id":"https:\/\/magrat.eu\/#organization"},"potentialAction":[{"@type":"SearchAction","target":{"@type":"EntryPoint","urlTemplate":"https:\/\/magrat.eu\/?s={search_term_string}"},"query-input":{"@type":"PropertyValueSpecification","valueRequired":true,"valueName":"search_term_string"}}],"inLanguage":"et"},{"@type":"Organization","@id":"https:\/\/magrat.eu\/#organization","name":"Professional corporate services in Estonia | Magrat O\u00dc","url":"https:\/\/magrat.eu\/","logo":{"@type":"ImageObject","inLanguage":"et","@id":"https:\/\/magrat.eu\/#\/schema\/logo\/image\/","url":"https:\/\/magrat.eu\/wp-content\/uploads\/2025\/10\/magrat-logo-social.png","contentUrl":"https:\/\/magrat.eu\/wp-content\/uploads\/2025\/10\/magrat-logo-social.png","width":696,"height":696,"caption":"Professional corporate services in Estonia | Magrat O\u00dc"},"image":{"@id":"https:\/\/magrat.eu\/#\/schema\/logo\/image\/"},"sameAs":["https:\/\/www.facebook.com\/Magrat.eu"]}]}},"_links":{"self":[{"href":"https:\/\/magrat.eu\/et\/wp-json\/wp\/v2\/pages\/4598","targetHints":{"allow":["GET"]}}],"collection":[{"href":"https:\/\/magrat.eu\/et\/wp-json\/wp\/v2\/pages"}],"about":[{"href":"https:\/\/magrat.eu\/et\/wp-json\/wp\/v2\/types\/page"}],"author":[{"embeddable":true,"href":"https:\/\/magrat.eu\/et\/wp-json\/wp\/v2\/users\/2"}],"replies":[{"embeddable":true,"href":"https:\/\/magrat.eu\/et\/wp-json\/wp\/v2\/comments?post=4598"}],"version-history":[{"count":7,"href":"https:\/\/magrat.eu\/et\/wp-json\/wp\/v2\/pages\/4598\/revisions"}],"predecessor-version":[{"id":5628,"href":"https:\/\/magrat.eu\/et\/wp-json\/wp\/v2\/pages\/4598\/revisions\/5628"}],"wp:attachment":[{"href":"https:\/\/magrat.eu\/et\/wp-json\/wp\/v2\/media?parent=4598"}],"curies":[{"name":"wp","href":"https:\/\/api.w.org\/{rel}","templated":true}]}}