{"id":4560,"date":"2025-07-24T10:23:58","date_gmt":"2025-07-24T07:23:58","guid":{"rendered":"https:\/\/magrat.eu\/karjaarivoimalused\/"},"modified":"2025-12-05T11:15:43","modified_gmt":"2025-12-05T09:15:43","slug":"careers","status":"publish","type":"page","link":"https:\/\/magrat.eu\/et\/careers\/","title":{"rendered":"Karj\u00e4\u00e4riv\u00f5imalused"},"content":{"rendered":"<div class=\"wpb-content-wrapper\"><p>[vc_row full_width=&#8221;stretch_row&#8221; equal_height=&#8221;yes&#8221; content_placement=&#8221;middle&#8221; css=&#8221;.vc_custom_1747054718317{padding-top: 100px !important;padding-bottom: 100px !important;background-color: #FBFBFF !important;}&#8221; el_class=&#8221;phone-reverse-col&#8221;][vc_column width=&#8221;1\/2&#8243;]<div class=\"ult-content-box-container sp-heading-content\" >\t\t<div class=\"ult-content-box\" style=\"box-shadow: px px px px none;margin-top:0px;margin-right:50px;margin-bottom:0px;margin-left:50px;-webkit-transition: all 700ms ease;-moz-transition: all 700ms ease;-ms-transition: all 700ms ease;-o-transition: all 700ms ease;transition: all 700ms ease;\"  data-hover_box_shadow=\"none\"   data-responsive_margins=\"margin-top:50px;margin-right:0px;margin-bottom:0px;margin-left:0px;\"   data-normal_margins=\"margin-top:0px;margin-right:50px;margin-bottom:0px;margin-left:50px;\"  ><div id=\"ultimate-heading-542869e49472f2199\" class=\"uvc-heading ult-adjust-bottom-margin ultimate-heading-542869e49472f2199 uvc-3548  uvc-heading-default-font-sizes\" data-hspacer=\"no_spacer\"  data-halign=\"left\" style=\"text-align:left\"><div class=\"uvc-heading-spacer no_spacer\" style=\"top\"><\/div><div class=\"uvc-main-heading ult-responsive\"  data-ultimate-target='.uvc-heading.ultimate-heading-542869e49472f2199 h1'  data-responsive-json-new='{\"font-size\":\"\",\"line-height\":\"\"}' ><h1 style=\"--font-weight:theme;margin-bottom:30px;\">Karj\u00e4\u00e4riv\u00f5imalused<\/h1><\/div><\/div>[vc_column_text css=&#8221;.vc_custom_1753341803760{margin-bottom: 30px !important;border-color: #282828 !important;}&#8221; el_class=&#8221;fp-text-image&#8221;]<\/p>\n<p data-start=\"140\" data-end=\"345\">Me Magratis usume, et suurep\u00e4rased teenused saavad alguse suurep\u00e4rasest inimesest. Meie mitmekultuuriline meeskond, kuhu kuulub \u00fcle 20 spetsialisti, \u00fchendab endas teadmised, kirg ja enam kui 10 keelt, et toetada kliente \u00fcle kogu maailma.<\/p>\n<p data-start=\"347\" data-end=\"555\">Otsime alati uudishimulikke, vastutustundlikke ja avatud inimesi, kes liituksid meie missiooniga. Olenemata sellest, kas olete kogenud ekspert v\u00f5i alles karj\u00e4\u00e4ri alustav inimene, hindame algatusv\u00f5imet, \u00f5ppimist ja koost\u00f6\u00f6d.<\/p>\n<p data-start=\"557\" data-end=\"707\">Kui soovite kasvada rahvusvahelises keskkonnas ja aidata ettev\u00f5tjatel oma ettev\u00f5tteid enesekindlalt \u00fcles ehitada &#8211; Magrat v\u00f5ib olla teie jaoks \u00f5ige koht.<\/p>\n<p>[\/vc_column_text]<style type=\"text\/css\" data-type=\"the7_shortcodes-inline-css\">#default-btn-2990fb8f6be362c9a1d9d9f3fe280256 {\n  font-size: 16px;\n  line-height: 18px;\n  font-weight: bold;\n  padding: 6px 2px 6px 2px;\n}\n#default-btn-2990fb8f6be362c9a1d9d9f3fe280256.ico-right-side > i {\n  margin-right: 0px;\n  margin-left: 8px;\n}\n#default-btn-2990fb8f6be362c9a1d9d9f3fe280256:after {\n  height: 0px;\n}\n#default-btn-2990fb8f6be362c9a1d9d9f3fe280256 > i {\n  margin-right: 8px;\n  font-size: 16px;\n}\n#default-btn-2990fb8f6be362c9a1d9d9f3fe280256:not(:hover),\n#default-btn-2990fb8f6be362c9a1d9d9f3fe280256.link-hover-off:hover {\n  color: #EE6352;\n  background: none;\n}\n#default-btn-2990fb8f6be362c9a1d9d9f3fe280256:not(:hover) *,\n#default-btn-2990fb8f6be362c9a1d9d9f3fe280256.link-hover-off:hover * {\n  color: #EE6352;\n  background: none;\n}\n#default-btn-2990fb8f6be362c9a1d9d9f3fe280256:not(.link-hover-off):hover {\n  color: #69203C;\n  background: none;\n}\n#default-btn-2990fb8f6be362c9a1d9d9f3fe280256:not(.link-hover-off):hover * {\n  color: #69203C;\n  background: none;\n}\n#default-btn-2990fb8f6be362c9a1d9d9f3fe280256.ico-right-side > i {\n  margin-right: 0px;\n  margin-left: 8px;\n}\n#default-btn-2990fb8f6be362c9a1d9d9f3fe280256 > i {\n  margin-right: 8px;\n}<\/style><div class=\"btn-align-left\"><a href=\"https:\/\/magrat.eu\/et\/contact\/\" class=\"default-btn-shortcode dt-btn-link button-arrow-upright-icon \" id=\"default-btn-2990fb8f6be362c9a1d9d9f3fe280256\" title=\"Contact\"><span>V\u00f5tke meiega \u00fchendust<\/span><\/a><\/div>\t\t<\/div><\/div>[\/vc_column][vc_column width=&#8221;1\/2&#8243;][vc_single_image image=&#8221;4069&#8243; img_size=&#8221;large&#8221; alignment=&#8221;center&#8221; css=&#8221;&#8221; el_class=&#8221;sp-slogan-image&#8221;][\/vc_column][\/vc_row][vc_section el_id=&#8221;moore-contact-block&#8221;][vc_row][vc_column][vc_row_inner][vc_column_inner width=&#8221;1\/4&#8243; offset=&#8221;vc_hidden-sm vc_hidden-xs&#8221;][\/vc_column_inner][vc_column_inner width=&#8221;1\/2&#8243;][vc_empty_space][vc_column_text css=&#8221;&#8221;]<\/p>\n<p style=\"text-align: center;\" data-start=\"122\" data-end=\"226\">Olenemata sellest, kas otsite aktiivselt v\u00f5i olete lihtsalt uudishimulik tulevaste v\u00f5imaluste suhtes &#8211; me tahaksime teiega \u00fchendust v\u00f5tta.<\/p>\n<p style=\"text-align: center;\" data-start=\"228\" data-end=\"307\">R\u00e4\u00e4gi meile natuke endast ja uurime, kuidas sa saaksid koos Magratiga kasvada.<\/p>\n<p>[\/vc_column_text][vc_empty_space][\/vc_column_inner][vc_column_inner width=&#8221;1\/4&#8243; offset=&#8221;vc_hidden-sm vc_hidden-xs&#8221;][\/vc_column_inner][\/vc_row_inner]<style type=\"text\/css\" data-type=\"the7_shortcodes-inline-css\">#default-btn-bb62807cb67cf1ba5a845e1e7402b975.ico-right-side > i {\n  margin-right: 0px;\n  margin-left: 8px;\n}\n#default-btn-bb62807cb67cf1ba5a845e1e7402b975 > i {\n  margin-right: 8px;\n}<\/style><div class=\"btn-align-center\"><a href=\"https:\/\/magrat.eu\/et\/contact\/\" class=\"default-btn-shortcode dt-btn dt-btn-m link-hover-off \" id=\"default-btn-bb62807cb67cf1ba5a845e1e7402b975\" title=\"Contact\"><span>V\u00f5tke meiega \u00fchendust<\/span><\/a><\/div>[\/vc_column][\/vc_row][\/vc_section]<\/p>\n<\/div>","protected":false},"excerpt":{"rendered":"<p>[vc_row full_width=&#8221;stretch_row&#8221; equal_height=&#8221;yes&#8221; content_placement=&#8221;middle&#8221; css=&#8221;.vc_custom_1747054718317{padding-top: 100px !important;padding-bottom: 100px !important;background-color: #FBFBFF !important;}&#8221; el_class=&#8221;phone-reverse-col&#8221;][vc_column width=&#8221;1\/2&#8243;][\/vc_column][vc_column width=&#8221;1\/2&#8243;][vc_single_image image=&#8221;4069&#8243; img_size=&#8221;large&#8221; alignment=&#8221;center&#8221; css=&#8221;&#8221; el_class=&#8221;sp-slogan-image&#8221;][\/vc_column][\/vc_row][vc_section el_id=&#8221;moore-contact-block&#8221;][vc_row][vc_column][vc_row_inner][vc_column_inner width=&#8221;1\/4&#8243; offset=&#8221;vc_hidden-sm vc_hidden-xs&#8221;][\/vc_column_inner][vc_column_inner width=&#8221;1\/2&#8243;][vc_empty_space][vc_column_text css=&#8221;&#8221;] Olenemata sellest, kas otsite aktiivselt v\u00f5i olete lihtsalt uudishimulik tulevaste v\u00f5imaluste suhtes &#8211; me tahaksime teiega \u00fchendust v\u00f5tta. R\u00e4\u00e4gi meile natuke endast ja uurime, kuidas sa saaksid koos Magratiga kasvada.&hellip;<\/p>\n","protected":false},"author":2,"featured_media":0,"parent":0,"menu_order":20,"comment_status":"closed","ping_status":"closed","template":"","meta":{"_acf_changed":false,"footnotes":""},"class_list":["post-4560","page","type-page","status-publish","hentry","description-off"],"acf":[],"yoast_head":"<!-- This site is optimized with the Yoast SEO plugin v27.3 - https:\/\/yoast.com\/product\/yoast-seo-wordpress\/ -->\n<title>Karj\u00e4\u00e4riv\u00f5imalused - Professional corporate services in Estonia | Magrat<\/title>\n<meta name=\"description\" content=\"Meie mitmekultuuriline meeskond, kuhu kuulub \u00fcle 20 spetsialisti, \u00fchendab endas teadmised, kirg ja enam kui 10 keelt, et toetada kliente \u00fcle kogu maailma.\" \/>\n<meta name=\"robots\" content=\"index, follow, max-snippet:-1, max-image-preview:large, max-video-preview:-1\" \/>\n<link rel=\"canonical\" href=\"https:\/\/magrat.eu\/et\/careers\/\" \/>\n<meta property=\"og:locale\" content=\"et_EE\" \/>\n<meta property=\"og:type\" content=\"article\" \/>\n<meta property=\"og:title\" content=\"Karj\u00e4\u00e4riv\u00f5imalused - Professional corporate services in Estonia | Magrat\" \/>\n<meta property=\"og:description\" content=\"Meie mitmekultuuriline meeskond, kuhu kuulub \u00fcle 20 spetsialisti, \u00fchendab endas teadmised, kirg ja enam kui 10 keelt, et toetada kliente \u00fcle kogu maailma.\" \/>\n<meta property=\"og:url\" content=\"https:\/\/magrat.eu\/et\/careers\/\" \/>\n<meta property=\"og:site_name\" content=\"Professional corporate services in Estonia | Magrat\" \/>\n<meta property=\"article:publisher\" content=\"https:\/\/www.facebook.com\/Magrat.eu\" \/>\n<meta property=\"article:modified_time\" content=\"2025-12-05T09:15:43+00:00\" \/>\n<meta property=\"og:image\" content=\"https:\/\/magrat.eu\/wp-content\/uploads\/2025\/10\/magrat-social-logo.jpg\" \/>\n\t<meta property=\"og:image:width\" content=\"1200\" \/>\n\t<meta property=\"og:image:height\" content=\"675\" \/>\n\t<meta property=\"og:image:type\" content=\"image\/jpeg\" \/>\n<meta name=\"twitter:card\" content=\"summary_large_image\" \/>\n<meta name=\"twitter:label1\" content=\"Est. reading time\" \/>\n\t<meta name=\"twitter:data1\" content=\"1 minut\" \/>\n<script type=\"application\/ld+json\" class=\"yoast-schema-graph\">{\"@context\":\"https:\\\/\\\/schema.org\",\"@graph\":[{\"@type\":\"WebPage\",\"@id\":\"https:\\\/\\\/magrat.eu\\\/et\\\/careers\\\/\",\"url\":\"https:\\\/\\\/magrat.eu\\\/et\\\/careers\\\/\",\"name\":\"Karj\u00e4\u00e4riv\u00f5imalused - Professional corporate services in Estonia | Magrat\",\"isPartOf\":{\"@id\":\"https:\\\/\\\/magrat.eu\\\/#website\"},\"datePublished\":\"2025-07-24T07:23:58+00:00\",\"dateModified\":\"2025-12-05T09:15:43+00:00\",\"description\":\"Meie mitmekultuuriline meeskond, kuhu kuulub \u00fcle 20 spetsialisti, \u00fchendab endas teadmised, kirg ja enam kui 10 keelt, et toetada kliente \u00fcle kogu maailma.\",\"breadcrumb\":{\"@id\":\"https:\\\/\\\/magrat.eu\\\/et\\\/careers\\\/#breadcrumb\"},\"inLanguage\":\"et\",\"potentialAction\":[{\"@type\":\"ReadAction\",\"target\":[\"https:\\\/\\\/magrat.eu\\\/et\\\/careers\\\/\"]}]},{\"@type\":\"BreadcrumbList\",\"@id\":\"https:\\\/\\\/magrat.eu\\\/et\\\/careers\\\/#breadcrumb\",\"itemListElement\":[{\"@type\":\"ListItem\",\"position\":1,\"name\":\"Home\",\"item\":\"https:\\\/\\\/magrat.eu\\\/et\\\/\"},{\"@type\":\"ListItem\",\"position\":2,\"name\":\"Karj\u00e4\u00e4riv\u00f5imalused\"}]},{\"@type\":\"WebSite\",\"@id\":\"https:\\\/\\\/magrat.eu\\\/#website\",\"url\":\"https:\\\/\\\/magrat.eu\\\/\",\"name\":\"Professional corporate services in Estonia | Magrat O\u00dc\",\"description\":\"\",\"publisher\":{\"@id\":\"https:\\\/\\\/magrat.eu\\\/#organization\"},\"potentialAction\":[{\"@type\":\"SearchAction\",\"target\":{\"@type\":\"EntryPoint\",\"urlTemplate\":\"https:\\\/\\\/magrat.eu\\\/?s={search_term_string}\"},\"query-input\":{\"@type\":\"PropertyValueSpecification\",\"valueRequired\":true,\"valueName\":\"search_term_string\"}}],\"inLanguage\":\"et\"},{\"@type\":\"Organization\",\"@id\":\"https:\\\/\\\/magrat.eu\\\/#organization\",\"name\":\"Professional corporate services in Estonia | Magrat O\u00dc\",\"url\":\"https:\\\/\\\/magrat.eu\\\/\",\"logo\":{\"@type\":\"ImageObject\",\"inLanguage\":\"et\",\"@id\":\"https:\\\/\\\/magrat.eu\\\/#\\\/schema\\\/logo\\\/image\\\/\",\"url\":\"https:\\\/\\\/magrat.eu\\\/wp-content\\\/uploads\\\/2025\\\/10\\\/magrat-logo-social.png\",\"contentUrl\":\"https:\\\/\\\/magrat.eu\\\/wp-content\\\/uploads\\\/2025\\\/10\\\/magrat-logo-social.png\",\"width\":696,\"height\":696,\"caption\":\"Professional corporate services in Estonia | Magrat O\u00dc\"},\"image\":{\"@id\":\"https:\\\/\\\/magrat.eu\\\/#\\\/schema\\\/logo\\\/image\\\/\"},\"sameAs\":[\"https:\\\/\\\/www.facebook.com\\\/Magrat.eu\"]}]}<\/script>\n<!-- \/ Yoast SEO plugin. -->","yoast_head_json":{"title":"Karj\u00e4\u00e4riv\u00f5imalused - Professional corporate services in Estonia | Magrat","description":"Meie mitmekultuuriline meeskond, kuhu kuulub \u00fcle 20 spetsialisti, \u00fchendab endas teadmised, kirg ja enam kui 10 keelt, et toetada kliente \u00fcle kogu maailma.","robots":{"index":"index","follow":"follow","max-snippet":"max-snippet:-1","max-image-preview":"max-image-preview:large","max-video-preview":"max-video-preview:-1"},"canonical":"https:\/\/magrat.eu\/et\/careers\/","og_locale":"et_EE","og_type":"article","og_title":"Karj\u00e4\u00e4riv\u00f5imalused - Professional corporate services in Estonia | Magrat","og_description":"Meie mitmekultuuriline meeskond, kuhu kuulub \u00fcle 20 spetsialisti, \u00fchendab endas teadmised, kirg ja enam kui 10 keelt, et toetada kliente \u00fcle kogu maailma.","og_url":"https:\/\/magrat.eu\/et\/careers\/","og_site_name":"Professional corporate services in Estonia | Magrat","article_publisher":"https:\/\/www.facebook.com\/Magrat.eu","article_modified_time":"2025-12-05T09:15:43+00:00","og_image":[{"width":1200,"height":675,"url":"https:\/\/magrat.eu\/wp-content\/uploads\/2025\/10\/magrat-social-logo.jpg","type":"image\/jpeg"}],"twitter_card":"summary_large_image","twitter_misc":{"Est. reading time":"1 minut"},"schema":{"@context":"https:\/\/schema.org","@graph":[{"@type":"WebPage","@id":"https:\/\/magrat.eu\/et\/careers\/","url":"https:\/\/magrat.eu\/et\/careers\/","name":"Karj\u00e4\u00e4riv\u00f5imalused - Professional corporate services in Estonia | Magrat","isPartOf":{"@id":"https:\/\/magrat.eu\/#website"},"datePublished":"2025-07-24T07:23:58+00:00","dateModified":"2025-12-05T09:15:43+00:00","description":"Meie mitmekultuuriline meeskond, kuhu kuulub \u00fcle 20 spetsialisti, \u00fchendab endas teadmised, kirg ja enam kui 10 keelt, et toetada kliente \u00fcle kogu maailma.","breadcrumb":{"@id":"https:\/\/magrat.eu\/et\/careers\/#breadcrumb"},"inLanguage":"et","potentialAction":[{"@type":"ReadAction","target":["https:\/\/magrat.eu\/et\/careers\/"]}]},{"@type":"BreadcrumbList","@id":"https:\/\/magrat.eu\/et\/careers\/#breadcrumb","itemListElement":[{"@type":"ListItem","position":1,"name":"Home","item":"https:\/\/magrat.eu\/et\/"},{"@type":"ListItem","position":2,"name":"Karj\u00e4\u00e4riv\u00f5imalused"}]},{"@type":"WebSite","@id":"https:\/\/magrat.eu\/#website","url":"https:\/\/magrat.eu\/","name":"Professional corporate services in Estonia | Magrat O\u00dc","description":"","publisher":{"@id":"https:\/\/magrat.eu\/#organization"},"potentialAction":[{"@type":"SearchAction","target":{"@type":"EntryPoint","urlTemplate":"https:\/\/magrat.eu\/?s={search_term_string}"},"query-input":{"@type":"PropertyValueSpecification","valueRequired":true,"valueName":"search_term_string"}}],"inLanguage":"et"},{"@type":"Organization","@id":"https:\/\/magrat.eu\/#organization","name":"Professional corporate services in Estonia | Magrat O\u00dc","url":"https:\/\/magrat.eu\/","logo":{"@type":"ImageObject","inLanguage":"et","@id":"https:\/\/magrat.eu\/#\/schema\/logo\/image\/","url":"https:\/\/magrat.eu\/wp-content\/uploads\/2025\/10\/magrat-logo-social.png","contentUrl":"https:\/\/magrat.eu\/wp-content\/uploads\/2025\/10\/magrat-logo-social.png","width":696,"height":696,"caption":"Professional corporate services in Estonia | Magrat O\u00dc"},"image":{"@id":"https:\/\/magrat.eu\/#\/schema\/logo\/image\/"},"sameAs":["https:\/\/www.facebook.com\/Magrat.eu"]}]}},"_links":{"self":[{"href":"https:\/\/magrat.eu\/et\/wp-json\/wp\/v2\/pages\/4560","targetHints":{"allow":["GET"]}}],"collection":[{"href":"https:\/\/magrat.eu\/et\/wp-json\/wp\/v2\/pages"}],"about":[{"href":"https:\/\/magrat.eu\/et\/wp-json\/wp\/v2\/types\/page"}],"author":[{"embeddable":true,"href":"https:\/\/magrat.eu\/et\/wp-json\/wp\/v2\/users\/2"}],"replies":[{"embeddable":true,"href":"https:\/\/magrat.eu\/et\/wp-json\/wp\/v2\/comments?post=4560"}],"version-history":[{"count":10,"href":"https:\/\/magrat.eu\/et\/wp-json\/wp\/v2\/pages\/4560\/revisions"}],"predecessor-version":[{"id":5633,"href":"https:\/\/magrat.eu\/et\/wp-json\/wp\/v2\/pages\/4560\/revisions\/5633"}],"wp:attachment":[{"href":"https:\/\/magrat.eu\/et\/wp-json\/wp\/v2\/media?parent=4560"}],"curies":[{"name":"wp","href":"https:\/\/api.w.org\/{rel}","templated":true}]}}