{"id":4528,"date":"2025-06-09T15:58:31","date_gmt":"2025-06-09T12:58:31","guid":{"rendered":"https:\/\/magrat.eu\/meie-kohta\/"},"modified":"2025-12-05T11:15:01","modified_gmt":"2025-12-05T09:15:01","slug":"about-us","status":"publish","type":"page","link":"https:\/\/magrat.eu\/et\/about-us\/","title":{"rendered":"Meie kohta"},"content":{"rendered":"<div class=\"wpb-content-wrapper\"><p>[vc_row full_width=&#8221;stretch_row&#8221; equal_height=&#8221;yes&#8221; content_placement=&#8221;middle&#8221; css=&#8221;.vc_custom_1747054718317{padding-top: 100px !important;padding-bottom: 100px !important;background-color: #FBFBFF !important;}&#8221; el_class=&#8221;phone-reverse-col&#8221;][vc_column width=&#8221;1\/2&#8243;]<div class=\"ult-content-box-container sp-heading-content\" >\t\t<div class=\"ult-content-box\" style=\"box-shadow: px px px px none;margin-top:0px;margin-right:50px;margin-bottom:0px;margin-left:50px;-webkit-transition: all 700ms ease;-moz-transition: all 700ms ease;-ms-transition: all 700ms ease;-o-transition: all 700ms ease;transition: all 700ms ease;\"  data-hover_box_shadow=\"none\"   data-responsive_margins=\"margin-top:50px;margin-right:0px;margin-bottom:0px;margin-left:0px;\"   data-normal_margins=\"margin-top:0px;margin-right:50px;margin-bottom:0px;margin-left:50px;\"  ><div id=\"ultimate-heading-146069e4a9606745a\" class=\"uvc-heading ult-adjust-bottom-margin ultimate-heading-146069e4a9606745a uvc-7611  uvc-heading-default-font-sizes\" data-hspacer=\"no_spacer\"  data-halign=\"left\" style=\"text-align:left\"><div class=\"uvc-heading-spacer no_spacer\" style=\"top\"><\/div><div class=\"uvc-main-heading ult-responsive\"  data-ultimate-target='.uvc-heading.ultimate-heading-146069e4a9606745a h1'  data-responsive-json-new='{\"font-size\":\"\",\"line-height\":\"\"}' ><h1 style=\"--font-weight:theme;margin-bottom:30px;\">Meie kohta<\/h1><\/div><\/div>[vc_row_inner][vc_column_inner width=&#8221;5\/6&#8243;][vc_column_text css=&#8221;.vc_custom_1756894065782{margin-bottom: 30px !important;border-color: #282828 !important;}&#8221; el_class=&#8221;fp-text-image&#8221;]<\/p>\n<p data-start=\"1823\" data-end=\"2071\"><strong data-start=\"1823\" data-end=\"1833\">Magrat<\/strong> on Eesti ettev\u00f5te, mis pakub terviklikke ettev\u00f5tlus-, raamatupidamis- ja \u00f5igusteenuseid alates 2009. aastast. Aitame ettev\u00f5tjatel ja organisatsioonidel \u00fcle kogu maailma juhtida oma \u00e4ri Eestis l\u00e4bipaistvalt, mugavalt ja t\u00f5husalt.<\/p>\n<p>[\/vc_column_text]<style type=\"text\/css\" data-type=\"the7_shortcodes-inline-css\">#default-btn-64033d83e84cd447388a918c915f58b3.ico-right-side > i {\n  margin-right: 0px;\n  margin-left: 8px;\n}\n#default-btn-64033d83e84cd447388a918c915f58b3 > i {\n  margin-right: 8px;\n}<\/style><div class=\"btn-align-left\"><a href=\"https:\/\/magrat.eu\/et\/meet-the-team\/\" class=\"default-btn-shortcode dt-btn dt-btn-m button-outline-dark-blue  vc_custom_1764926085220\" id=\"default-btn-64033d83e84cd447388a918c915f58b3\"><span>Tutvuge meeskonnaga<\/span><\/a><\/div><style type=\"text\/css\" data-type=\"the7_shortcodes-inline-css\">#default-btn-a7d899156c1ae39a53774090342bc73d.ico-right-side > i {\n  margin-right: 0px;\n  margin-left: 8px;\n}\n#default-btn-a7d899156c1ae39a53774090342bc73d > i {\n  margin-right: 8px;\n}<\/style><div class=\"btn-align-left\"><a href=\"https:\/\/magrat.eu\/et\/careers\/\" class=\"default-btn-shortcode dt-btn dt-btn-m button-outline-dark-blue  vc_custom_1764926091526\" id=\"default-btn-a7d899156c1ae39a53774090342bc73d\"><span>Karj\u00e4\u00e4riv\u00f5imalused<\/span><\/a><\/div>[\/vc_column_inner][vc_column_inner width=&#8221;1\/6&#8243;][\/vc_column_inner][\/vc_row_inner]\t\t<\/div><\/div>[\/vc_column][vc_column width=&#8221;1\/2&#8243;][vc_single_image image=&#8221;4056&#8243; img_size=&#8221;large&#8221; alignment=&#8221;center&#8221; css=&#8221;&#8221; el_class=&#8221;sp-slogan-image&#8221;][\/vc_column][\/vc_row][vc_section css=&#8221;.vc_custom_1749475436058{margin-bottom: 80px !important;}&#8221;][vc_row equal_height=&#8221;yes&#8221; content_placement=&#8221;middle&#8221; el_class=&#8221;phone-reverse-col&#8221;][vc_column width=&#8221;1\/2&#8243; css=&#8221;.vc_custom_1749475308925{margin-top: 20px !important;}&#8221;]<div class=\"ult-content-box-container \" >\t\t<div class=\"ult-content-box\" style=\"box-shadow: px px px px none;margin-right:50px;-webkit-transition: all 700ms ease;-moz-transition: all 700ms ease;-ms-transition: all 700ms ease;-o-transition: all 700ms ease;transition: all 700ms ease;\"  data-hover_box_shadow=\"none\"   data-responsive_margins=\"margin-right:0px;\"   data-normal_margins=\"margin-right:50px;\"  ><div id=\"ultimate-heading-256169e4a96067663\" class=\"uvc-heading ult-adjust-bottom-margin ultimate-heading-256169e4a96067663 uvc-5546  uvc-heading-default-font-sizes\" data-hspacer=\"line_only\"  data-halign=\"left\" style=\"text-align:left\"><div class=\"uvc-main-heading ult-responsive\"  data-ultimate-target='.uvc-heading.ultimate-heading-256169e4a96067663 h2'  data-responsive-json-new='{\"font-size\":\"\",\"line-height\":\"\"}' ><h2 style=\"--font-weight:theme;\">Meie saavutused<\/h2><\/div><div class=\"uvc-heading-spacer line_only\" style=\"margin-top:10px;margin-bottom:20px;height:1px;\"><span class=\"uvc-headings-line\" style=\"border-style:solid;border-bottom-width:1px;border-color:#282828;width:autopx;\"><\/span><\/div><div class=\"uvc-sub-heading ult-responsive\"  data-ultimate-target='.uvc-heading.ultimate-heading-256169e4a96067663 .uvc-sub-heading '  data-responsive-json-new='{\"font-size\":\"desktop:20px;\",\"line-height\":\"desktop:26px;\"}'  style=\"font-weight:normal;margin-bottom:20px;\"><\/p>\n<p data-start=\"2096\" data-end=\"2172\">Oleme uhked, et <strong data-start=\"2114\" data-end=\"2124\">Magrat<\/strong> on tunnustatud oma valdkonna liidrite seas:<\/p>\n<ul data-start=\"2173\" data-end=\"2747\">\n<li data-start=\"2173\" data-end=\"2284\">\n<p data-start=\"2175\" data-end=\"2284\"><strong data-start=\"2175\" data-end=\"2212\">ERK tunnustatud raamatupidamisfirma<\/strong> &#8211; ainult 22 raamatupidamisfirmat enam kui 6000-st Eestis omab seda staatust.<\/p>\n<\/li>\n<li data-start=\"2285\" data-end=\"2380\">\n<p data-start=\"2287\" data-end=\"2380\">Juhtpositsioon <strong data-start=\"2311\" data-end=\"2338\">e-residentsuse turul<\/strong>, mis p\u00f5hineb s\u00f5ltumatutel kontrollitud hinnangutel.<\/p>\n<\/li>\n<li data-start=\"2381\" data-end=\"2494\">\n<p data-start=\"2383\" data-end=\"2494\"><em data-start=\"2427\" data-end=\"2436\">\u00c4rip\u00e4eva<\/em> poolt <strong data-start=\"2399\" data-end=\"2423\">TOP Raamatupidamisb\u00fcroode<\/strong> hulka arvatud &#8211; tunnustus, mis on antud vaid 1%-le Eesti ettev\u00f5tetest.<\/p>\n<\/li>\n<li data-start=\"2495\" data-end=\"2747\">\n<p data-start=\"2497\" data-end=\"2747\">Meil on <a href=\"https:\/\/mtr.ttja.ee\/taotluse_tulemus\/657585\" target=\"_blank\" rel=\"noopener\">litsents nr FIU000433<\/a>, mis kinnitab meie \u00f5igust osutada teenuseid Eesti rahapesu ja terrorismi rahastamise vastase seaduse alusel, ning me l\u00e4bime edukalt <strong data-start=\"2707\" data-end=\"2714\">rahapesu andme<\/strong> b\u00fcroo (Financial Intelligence Unit) korrap\u00e4rased kontrollid.<\/p>\n<\/li>\n<\/ul>\n<p data-start=\"2749\" data-end=\"2933\">Teeme tihedat koost\u00f6\u00f6d audiitorfirmaga <strong data-start=\"2775\" data-end=\"2801\">Lahendused Pluss KV O\u00dc<\/strong>, mis tagab finantsl\u00e4bipaistvuse ja vastavuse regulatiivsetele n\u00f5uetele<a href=\"https:\/\/www.audiitorkogu.ee\/eng\/audiitorettevotjad\/audiitorettevotja\/11894377\" target=\"_blank\" rel=\"noopener\">(audiitori litsents nr 190<\/a>).<\/p>\n<p><\/div><\/div>\t\t<\/div><\/div>[\/vc_column][vc_column width=&#8221;1\/2&#8243; css=&#8221;.vc_custom_1749475316079{margin-top: 20px !important;}&#8221;][vc_single_image image=&#8221;4086&#8243; img_size=&#8221;256&#215;256&#8243; alignment=&#8221;center&#8221; css=&#8221;&#8221; image_hovers=&#8221;false&#8221; el_class=&#8221;moore-border-radius&#8221;][\/vc_column][\/vc_row][vc_row equal_height=&#8221;yes&#8221; content_placement=&#8221;middle&#8221;][vc_column width=&#8221;1\/2&#8243; css=&#8221;.vc_custom_1749475329985{margin-top: 20px !important;}&#8221;][vc_single_image image=&#8221;3328&#8243; img_size=&#8221;large&#8221; alignment=&#8221;center&#8221; css=&#8221;&#8221; image_hovers=&#8221;false&#8221; el_class=&#8221;moore-border-radius&#8221;][\/vc_column][vc_column width=&#8221;1\/2&#8243; css=&#8221;.vc_custom_1749475334163{margin-top: 20px !important;}&#8221;]<div class=\"ult-content-box-container \" >\t\t<div class=\"ult-content-box\" style=\"box-shadow: px px px px none;margin-left:50px;-webkit-transition: all 700ms ease;-moz-transition: all 700ms ease;-ms-transition: all 700ms ease;-o-transition: all 700ms ease;transition: all 700ms ease;\"  data-hover_box_shadow=\"none\"   data-responsive_margins=\"margin-left:0px;\"   data-normal_margins=\"margin-left:50px;\"  ><div id=\"ultimate-heading-904269e4a960676ff\" class=\"uvc-heading ult-adjust-bottom-margin ultimate-heading-904269e4a960676ff uvc-558  uvc-heading-default-font-sizes\" data-hspacer=\"line_only\"  data-halign=\"left\" style=\"text-align:left\"><div class=\"uvc-main-heading ult-responsive\"  data-ultimate-target='.uvc-heading.ultimate-heading-904269e4a960676ff h2'  data-responsive-json-new='{\"font-size\":\"\",\"line-height\":\"\"}' ><h2 style=\"--font-weight:theme;\">Meie v\u00e4\u00e4rtused<\/h2><\/div><div class=\"uvc-heading-spacer line_only\" style=\"margin-top:10px;margin-bottom:20px;height:1px;\"><span class=\"uvc-headings-line\" style=\"border-style:solid;border-bottom-width:1px;border-color:#282828;width:autopx;\"><\/span><\/div><div class=\"uvc-sub-heading ult-responsive\"  data-ultimate-target='.uvc-heading.ultimate-heading-904269e4a960676ff .uvc-sub-heading '  data-responsive-json-new='{\"font-size\":\"desktop:20px;\",\"line-height\":\"desktop:26px;\"}'  style=\"font-weight:normal;margin-bottom:20px;\"><\/p>\n<p data-start=\"2952\" data-end=\"3089\">Meie t\u00f6\u00f6 p\u00f5hineb viiel p\u00f5hiprintsiibil:<br data-start=\"2993\" data-end=\"2996\" \/><strong data-start=\"2996\" data-end=\"3087\">Isikup\u00e4rastamine, professionaalsus, usaldusv\u00e4\u00e4rsus, uuenduslikkus ja mitmekultuuriline mitmekesisus.<\/strong><\/p>\n<p><\/div><\/div>\t\t<\/div><\/div>[\/vc_column][\/vc_row][vc_row equal_height=&#8221;yes&#8221; content_placement=&#8221;middle&#8221; el_class=&#8221;phone-reverse-col&#8221;][vc_column width=&#8221;1\/2&#8243; css=&#8221;.vc_custom_1749475308925{margin-top: 20px !important;}&#8221;]<div class=\"ult-content-box-container \" >\t\t<div class=\"ult-content-box\" style=\"box-shadow: px px px px none;margin-right:50px;-webkit-transition: all 700ms ease;-moz-transition: all 700ms ease;-ms-transition: all 700ms ease;-o-transition: all 700ms ease;transition: all 700ms ease;\"  data-hover_box_shadow=\"none\"   data-responsive_margins=\"margin-right:0px;\"   data-normal_margins=\"margin-right:50px;\"  ><div id=\"ultimate-heading-767969e4a96067787\" class=\"uvc-heading ult-adjust-bottom-margin ultimate-heading-767969e4a96067787 uvc-9417  uvc-heading-default-font-sizes\" data-hspacer=\"line_only\"  data-halign=\"left\" style=\"text-align:left\"><div class=\"uvc-main-heading ult-responsive\"  data-ultimate-target='.uvc-heading.ultimate-heading-767969e4a96067787 h2'  data-responsive-json-new='{\"font-size\":\"\",\"line-height\":\"\"}' ><h2 style=\"--font-weight:theme;\">Miks valida meid?<\/h2><\/div><div class=\"uvc-heading-spacer line_only\" style=\"margin-top:10px;margin-bottom:20px;height:1px;\"><span class=\"uvc-headings-line\" style=\"border-style:solid;border-bottom-width:1px;border-color:#282828;width:autopx;\"><\/span><\/div><div class=\"uvc-sub-heading ult-responsive\"  data-ultimate-target='.uvc-heading.ultimate-heading-767969e4a96067787 .uvc-sub-heading '  data-responsive-json-new='{\"font-size\":\"desktop:20px;\",\"line-height\":\"desktop:26px;\"}'  style=\"font-weight:normal;margin-bottom:20px;\"><\/p>\n<ul data-start=\"3112\" data-end=\"3312\">\n<li data-start=\"3112\" data-end=\"3179\">\n<p data-start=\"3114\" data-end=\"3179\">Meie toetusel on Eestis asutatud \u00fcle <strong data-start=\"3119\" data-end=\"3136\">300 ettev\u00f5tte<\/strong>.<\/p>\n<\/li>\n<li data-start=\"3180\" data-end=\"3243\">\n<p data-start=\"3182\" data-end=\"3243\"><strong data-start=\"3192\" data-end=\"3213\">Rohkem kui 20 spetsialistist<\/strong> koosnev meeskond, kes r\u00e4\u00e4gib <strong data-start=\"3223\" data-end=\"3240\">rohkem kui 10 keelt<\/strong>.<\/p>\n<\/li>\n<li data-start=\"3244\" data-end=\"3312\">\n<p data-start=\"3246\" data-end=\"3312\">Individuaalne l\u00e4henemine ja pikaajaline partnerlus iga kliendiga.<\/p>\n<\/li>\n<\/ul>\n<p><\/div><\/div>\t\t<\/div><\/div>[\/vc_column][vc_column width=&#8221;1\/2&#8243; css=&#8221;.vc_custom_1749475316079{margin-top: 20px !important;}&#8221;][vc_single_image image=&#8221;3316&#8243; img_size=&#8221;large&#8221; alignment=&#8221;center&#8221; css=&#8221;&#8221; image_hovers=&#8221;false&#8221; el_class=&#8221;moore-border-radius&#8221;][\/vc_column][\/vc_row][\/vc_section][vc_section el_id=&#8221;moore-contact-block&#8221;][vc_row][vc_column]<div id=\"ultimate-heading-251369e4a960677b5\" class=\"uvc-heading ult-adjust-bottom-margin ultimate-heading-251369e4a960677b5 uvc-5960  uvc-heading-default-font-sizes\" data-hspacer=\"no_spacer\"  data-halign=\"center\" style=\"text-align:center\"><div class=\"uvc-heading-spacer no_spacer\" style=\"top\"><\/div><div class=\"uvc-main-heading ult-responsive\"  data-ultimate-target='.uvc-heading.ultimate-heading-251369e4a960677b5 h2'  data-responsive-json-new='{\"font-size\":\"\",\"line-height\":\"\"}' ><h2 style=\"--font-weight:theme;margin-top:20px;margin-bottom:20px;\">Ei ole kindel, kuidas me saame teid aidata?<\/h2><\/div><\/div>[vc_row_inner][vc_column_inner width=&#8221;1\/4&#8243; offset=&#8221;vc_hidden-sm vc_hidden-xs&#8221;][\/vc_column_inner][vc_column_inner width=&#8221;1\/2&#8243;]<div id=\"ultimate-heading-373869e4a960677da\" class=\"uvc-heading ult-adjust-bottom-margin ultimate-heading-373869e4a960677da uvc-9989  uvc-heading-default-font-sizes\" data-hspacer=\"no_spacer\"  data-halign=\"center\" style=\"text-align:center\"><div class=\"uvc-heading-spacer no_spacer\" style=\"top\"><\/div><div class=\"uvc-sub-heading ult-responsive\"  data-ultimate-target='.uvc-heading.ultimate-heading-373869e4a960677da .uvc-sub-heading '  data-responsive-json-new='{\"font-size\":\"desktop:20px;\",\"line-height\":\"desktop:24px;\"}'  style=\"font-weight:normal;margin-bottom:30px;\">V\u00f5tke meiega \u00fchendust, me r\u00e4\u00e4gime hea meelega ja arutame, kuidas Magrat v\u00f5ib olla teie t\u00f6\u00f6riistakomplekti v\u00e4\u00e4rtuslikuks abimeheks.<\/div><\/div>[\/vc_column_inner][vc_column_inner width=&#8221;1\/4&#8243; offset=&#8221;vc_hidden-sm vc_hidden-xs&#8221;][\/vc_column_inner][\/vc_row_inner]<style type=\"text\/css\" data-type=\"the7_shortcodes-inline-css\">#default-btn-bb62807cb67cf1ba5a845e1e7402b975.ico-right-side > i {\n  margin-right: 0px;\n  margin-left: 8px;\n}\n#default-btn-bb62807cb67cf1ba5a845e1e7402b975 > i {\n  margin-right: 8px;\n}<\/style><div class=\"btn-align-center\"><a href=\"https:\/\/magrat.eu\/et\/contact\/\" class=\"default-btn-shortcode dt-btn dt-btn-m link-hover-off \" id=\"default-btn-bb62807cb67cf1ba5a845e1e7402b975\" title=\"Contact\"><span>V\u00f5tke meiega \u00fchendust<\/span><\/a><\/div>[\/vc_column][\/vc_row][\/vc_section]<\/p>\n<\/div>","protected":false},"excerpt":{"rendered":"<p>[vc_row full_width=&#8221;stretch_row&#8221; equal_height=&#8221;yes&#8221; content_placement=&#8221;middle&#8221; css=&#8221;.vc_custom_1747054718317{padding-top: 100px !important;padding-bottom: 100px !important;background-color: #FBFBFF !important;}&#8221; el_class=&#8221;phone-reverse-col&#8221;][vc_column width=&#8221;1\/2&#8243;][\/vc_column][vc_column width=&#8221;1\/2&#8243;][vc_single_image image=&#8221;4056&#8243; img_size=&#8221;large&#8221; alignment=&#8221;center&#8221; css=&#8221;&#8221; el_class=&#8221;sp-slogan-image&#8221;][\/vc_column][\/vc_row][vc_section css=&#8221;.vc_custom_1749475436058{margin-bottom: 80px !important;}&#8221;][vc_row equal_height=&#8221;yes&#8221; content_placement=&#8221;middle&#8221; el_class=&#8221;phone-reverse-col&#8221;][vc_column width=&#8221;1\/2&#8243; css=&#8221;.vc_custom_1749475308925{margin-top: 20px !important;}&#8221;][\/vc_column][vc_column width=&#8221;1\/2&#8243; css=&#8221;.vc_custom_1749475316079{margin-top: 20px !important;}&#8221;][vc_single_image image=&#8221;4086&#8243; img_size=&#8221;256&#215;256&#8243; alignment=&#8221;center&#8221; css=&#8221;&#8221; image_hovers=&#8221;false&#8221; el_class=&#8221;moore-border-radius&#8221;][\/vc_column][\/vc_row][vc_row equal_height=&#8221;yes&#8221; content_placement=&#8221;middle&#8221;][vc_column width=&#8221;1\/2&#8243; css=&#8221;.vc_custom_1749475329985{margin-top: 20px !important;}&#8221;][vc_single_image image=&#8221;3328&#8243; img_size=&#8221;large&#8221; alignment=&#8221;center&#8221; css=&#8221;&#8221; image_hovers=&#8221;false&#8221; el_class=&#8221;moore-border-radius&#8221;][\/vc_column][vc_column width=&#8221;1\/2&#8243; css=&#8221;.vc_custom_1749475334163{margin-top: 20px !important;}&#8221;][\/vc_column][\/vc_row][vc_row&hellip;<\/p>\n","protected":false},"author":1,"featured_media":0,"parent":0,"menu_order":50,"comment_status":"closed","ping_status":"closed","template":"","meta":{"_acf_changed":false,"footnotes":""},"class_list":["post-4528","page","type-page","status-publish","hentry","description-off"],"acf":[],"yoast_head":"<!-- This site is optimized with the Yoast SEO plugin v27.3 - https:\/\/yoast.com\/product\/yoast-seo-wordpress\/ -->\n<title>Meie kohta - Professional corporate services in Estonia | Magrat<\/title>\n<meta name=\"description\" content=\"Magrat on Eesti ettev\u00f5te, mis pakub terviklikke ettev\u00f5tlus-, raamatupidamis- ja \u00f5igusteenuseid alates 2009. aastast.\" \/>\n<meta name=\"robots\" content=\"index, follow, max-snippet:-1, max-image-preview:large, max-video-preview:-1\" \/>\n<link rel=\"canonical\" href=\"https:\/\/magrat.eu\/et\/about-us\/\" \/>\n<meta property=\"og:locale\" content=\"et_EE\" \/>\n<meta property=\"og:type\" content=\"article\" \/>\n<meta property=\"og:title\" content=\"Meie kohta - Professional corporate services in Estonia | Magrat\" \/>\n<meta property=\"og:description\" content=\"Magrat on Eesti ettev\u00f5te, mis pakub terviklikke ettev\u00f5tlus-, raamatupidamis- ja \u00f5igusteenuseid alates 2009. aastast.\" \/>\n<meta property=\"og:url\" content=\"https:\/\/magrat.eu\/et\/about-us\/\" \/>\n<meta property=\"og:site_name\" content=\"Professional corporate services in Estonia | Magrat\" \/>\n<meta property=\"article:publisher\" content=\"https:\/\/www.facebook.com\/Magrat.eu\" \/>\n<meta property=\"article:modified_time\" content=\"2025-12-05T09:15:01+00:00\" \/>\n<meta property=\"og:image\" content=\"https:\/\/magrat.eu\/wp-content\/uploads\/2025\/10\/magrat-social-logo.jpg\" \/>\n\t<meta property=\"og:image:width\" content=\"1200\" \/>\n\t<meta property=\"og:image:height\" content=\"675\" \/>\n\t<meta property=\"og:image:type\" content=\"image\/jpeg\" \/>\n<meta name=\"twitter:card\" content=\"summary_large_image\" \/>\n<meta name=\"twitter:label1\" content=\"Est. reading time\" \/>\n\t<meta name=\"twitter:data1\" content=\"3 minutit\" \/>\n<script type=\"application\/ld+json\" class=\"yoast-schema-graph\">{\"@context\":\"https:\\\/\\\/schema.org\",\"@graph\":[{\"@type\":\"WebPage\",\"@id\":\"https:\\\/\\\/magrat.eu\\\/et\\\/about-us\\\/\",\"url\":\"https:\\\/\\\/magrat.eu\\\/et\\\/about-us\\\/\",\"name\":\"Meie kohta - Professional corporate services in Estonia | Magrat\",\"isPartOf\":{\"@id\":\"https:\\\/\\\/magrat.eu\\\/#website\"},\"datePublished\":\"2025-06-09T12:58:31+00:00\",\"dateModified\":\"2025-12-05T09:15:01+00:00\",\"description\":\"Magrat on Eesti ettev\u00f5te, mis pakub terviklikke ettev\u00f5tlus-, raamatupidamis- ja \u00f5igusteenuseid alates 2009. aastast.\",\"breadcrumb\":{\"@id\":\"https:\\\/\\\/magrat.eu\\\/et\\\/about-us\\\/#breadcrumb\"},\"inLanguage\":\"et\",\"potentialAction\":[{\"@type\":\"ReadAction\",\"target\":[\"https:\\\/\\\/magrat.eu\\\/et\\\/about-us\\\/\"]}]},{\"@type\":\"BreadcrumbList\",\"@id\":\"https:\\\/\\\/magrat.eu\\\/et\\\/about-us\\\/#breadcrumb\",\"itemListElement\":[{\"@type\":\"ListItem\",\"position\":1,\"name\":\"Home\",\"item\":\"https:\\\/\\\/magrat.eu\\\/et\\\/\"},{\"@type\":\"ListItem\",\"position\":2,\"name\":\"Meie kohta\"}]},{\"@type\":\"WebSite\",\"@id\":\"https:\\\/\\\/magrat.eu\\\/#website\",\"url\":\"https:\\\/\\\/magrat.eu\\\/\",\"name\":\"Professional corporate services in Estonia | Magrat O\u00dc\",\"description\":\"\",\"publisher\":{\"@id\":\"https:\\\/\\\/magrat.eu\\\/#organization\"},\"potentialAction\":[{\"@type\":\"SearchAction\",\"target\":{\"@type\":\"EntryPoint\",\"urlTemplate\":\"https:\\\/\\\/magrat.eu\\\/?s={search_term_string}\"},\"query-input\":{\"@type\":\"PropertyValueSpecification\",\"valueRequired\":true,\"valueName\":\"search_term_string\"}}],\"inLanguage\":\"et\"},{\"@type\":\"Organization\",\"@id\":\"https:\\\/\\\/magrat.eu\\\/#organization\",\"name\":\"Professional corporate services in Estonia | Magrat O\u00dc\",\"url\":\"https:\\\/\\\/magrat.eu\\\/\",\"logo\":{\"@type\":\"ImageObject\",\"inLanguage\":\"et\",\"@id\":\"https:\\\/\\\/magrat.eu\\\/#\\\/schema\\\/logo\\\/image\\\/\",\"url\":\"https:\\\/\\\/magrat.eu\\\/wp-content\\\/uploads\\\/2025\\\/10\\\/magrat-logo-social.png\",\"contentUrl\":\"https:\\\/\\\/magrat.eu\\\/wp-content\\\/uploads\\\/2025\\\/10\\\/magrat-logo-social.png\",\"width\":696,\"height\":696,\"caption\":\"Professional corporate services in Estonia | Magrat O\u00dc\"},\"image\":{\"@id\":\"https:\\\/\\\/magrat.eu\\\/#\\\/schema\\\/logo\\\/image\\\/\"},\"sameAs\":[\"https:\\\/\\\/www.facebook.com\\\/Magrat.eu\"]}]}<\/script>\n<!-- \/ Yoast SEO plugin. -->","yoast_head_json":{"title":"Meie kohta - Professional corporate services in Estonia | Magrat","description":"Magrat on Eesti ettev\u00f5te, mis pakub terviklikke ettev\u00f5tlus-, raamatupidamis- ja \u00f5igusteenuseid alates 2009. aastast.","robots":{"index":"index","follow":"follow","max-snippet":"max-snippet:-1","max-image-preview":"max-image-preview:large","max-video-preview":"max-video-preview:-1"},"canonical":"https:\/\/magrat.eu\/et\/about-us\/","og_locale":"et_EE","og_type":"article","og_title":"Meie kohta - Professional corporate services in Estonia | Magrat","og_description":"Magrat on Eesti ettev\u00f5te, mis pakub terviklikke ettev\u00f5tlus-, raamatupidamis- ja \u00f5igusteenuseid alates 2009. aastast.","og_url":"https:\/\/magrat.eu\/et\/about-us\/","og_site_name":"Professional corporate services in Estonia | Magrat","article_publisher":"https:\/\/www.facebook.com\/Magrat.eu","article_modified_time":"2025-12-05T09:15:01+00:00","og_image":[{"width":1200,"height":675,"url":"https:\/\/magrat.eu\/wp-content\/uploads\/2025\/10\/magrat-social-logo.jpg","type":"image\/jpeg"}],"twitter_card":"summary_large_image","twitter_misc":{"Est. reading time":"3 minutit"},"schema":{"@context":"https:\/\/schema.org","@graph":[{"@type":"WebPage","@id":"https:\/\/magrat.eu\/et\/about-us\/","url":"https:\/\/magrat.eu\/et\/about-us\/","name":"Meie kohta - Professional corporate services in Estonia | Magrat","isPartOf":{"@id":"https:\/\/magrat.eu\/#website"},"datePublished":"2025-06-09T12:58:31+00:00","dateModified":"2025-12-05T09:15:01+00:00","description":"Magrat on Eesti ettev\u00f5te, mis pakub terviklikke ettev\u00f5tlus-, raamatupidamis- ja \u00f5igusteenuseid alates 2009. aastast.","breadcrumb":{"@id":"https:\/\/magrat.eu\/et\/about-us\/#breadcrumb"},"inLanguage":"et","potentialAction":[{"@type":"ReadAction","target":["https:\/\/magrat.eu\/et\/about-us\/"]}]},{"@type":"BreadcrumbList","@id":"https:\/\/magrat.eu\/et\/about-us\/#breadcrumb","itemListElement":[{"@type":"ListItem","position":1,"name":"Home","item":"https:\/\/magrat.eu\/et\/"},{"@type":"ListItem","position":2,"name":"Meie kohta"}]},{"@type":"WebSite","@id":"https:\/\/magrat.eu\/#website","url":"https:\/\/magrat.eu\/","name":"Professional corporate services in Estonia | Magrat O\u00dc","description":"","publisher":{"@id":"https:\/\/magrat.eu\/#organization"},"potentialAction":[{"@type":"SearchAction","target":{"@type":"EntryPoint","urlTemplate":"https:\/\/magrat.eu\/?s={search_term_string}"},"query-input":{"@type":"PropertyValueSpecification","valueRequired":true,"valueName":"search_term_string"}}],"inLanguage":"et"},{"@type":"Organization","@id":"https:\/\/magrat.eu\/#organization","name":"Professional corporate services in Estonia | Magrat O\u00dc","url":"https:\/\/magrat.eu\/","logo":{"@type":"ImageObject","inLanguage":"et","@id":"https:\/\/magrat.eu\/#\/schema\/logo\/image\/","url":"https:\/\/magrat.eu\/wp-content\/uploads\/2025\/10\/magrat-logo-social.png","contentUrl":"https:\/\/magrat.eu\/wp-content\/uploads\/2025\/10\/magrat-logo-social.png","width":696,"height":696,"caption":"Professional corporate services in Estonia | Magrat O\u00dc"},"image":{"@id":"https:\/\/magrat.eu\/#\/schema\/logo\/image\/"},"sameAs":["https:\/\/www.facebook.com\/Magrat.eu"]}]}},"_links":{"self":[{"href":"https:\/\/magrat.eu\/et\/wp-json\/wp\/v2\/pages\/4528","targetHints":{"allow":["GET"]}}],"collection":[{"href":"https:\/\/magrat.eu\/et\/wp-json\/wp\/v2\/pages"}],"about":[{"href":"https:\/\/magrat.eu\/et\/wp-json\/wp\/v2\/types\/page"}],"author":[{"embeddable":true,"href":"https:\/\/magrat.eu\/et\/wp-json\/wp\/v2\/users\/1"}],"replies":[{"embeddable":true,"href":"https:\/\/magrat.eu\/et\/wp-json\/wp\/v2\/comments?post=4528"}],"version-history":[{"count":9,"href":"https:\/\/magrat.eu\/et\/wp-json\/wp\/v2\/pages\/4528\/revisions"}],"predecessor-version":[{"id":5632,"href":"https:\/\/magrat.eu\/et\/wp-json\/wp\/v2\/pages\/4528\/revisions\/5632"}],"wp:attachment":[{"href":"https:\/\/magrat.eu\/et\/wp-json\/wp\/v2\/media?parent=4528"}],"curies":[{"name":"wp","href":"https:\/\/api.w.org\/{rel}","templated":true}]}}