{"id":4509,"date":"2025-07-24T14:16:35","date_gmt":"2025-07-24T11:16:35","guid":{"rendered":"https:\/\/magrat.eu\/why-estonia\/"},"modified":"2025-12-05T11:14:25","modified_gmt":"2025-12-05T09:14:25","slug":"why-estonia","status":"publish","type":"page","link":"https:\/\/magrat.eu\/et\/why-estonia\/","title":{"rendered":"Miks just Eesti?"},"content":{"rendered":"<div class=\"wpb-content-wrapper\"><p>[vc_row full_width=&#8221;stretch_row&#8221; equal_height=&#8221;yes&#8221; content_placement=&#8221;middle&#8221; css=&#8221;.vc_custom_1753356894343{padding-top: 100px !important;padding-bottom: 10px !important;background-color: #FBFBFF !important;}&#8221; el_class=&#8221;phone-reverse-col&#8221;][vc_column width=&#8221;1\/2&#8243;]<div class=\"ult-content-box-container sp-heading-content\" >\t\t<div class=\"ult-content-box\" style=\"box-shadow: px px px px none;margin-top:0px;margin-right:50px;margin-bottom:0px;margin-left:50px;-webkit-transition: all 700ms ease;-moz-transition: all 700ms ease;-ms-transition: all 700ms ease;-o-transition: all 700ms ease;transition: all 700ms ease;\"  data-hover_box_shadow=\"none\"   data-responsive_margins=\"margin-top:50px;margin-right:0px;margin-bottom:0px;margin-left:0px;\"   data-normal_margins=\"margin-top:0px;margin-right:50px;margin-bottom:0px;margin-left:50px;\"  ><div id=\"ultimate-heading-118869e494b094f0d\" class=\"uvc-heading ult-adjust-bottom-margin ultimate-heading-118869e494b094f0d uvc-5695  uvc-heading-default-font-sizes\" data-hspacer=\"no_spacer\"  data-halign=\"left\" style=\"text-align:left\"><div class=\"uvc-heading-spacer no_spacer\" style=\"top\"><\/div><div class=\"uvc-main-heading ult-responsive\"  data-ultimate-target='.uvc-heading.ultimate-heading-118869e494b094f0d h1'  data-responsive-json-new='{\"font-size\":\"\",\"line-height\":\"\"}' ><h1 style=\"--font-weight:theme;margin-bottom:30px;\">Miks just Eesti?<\/h1><\/div><\/div>[vc_column_text css=&#8221;.vc_custom_1753356723611{border-color: #282828 !important;}&#8221; el_class=&#8221;fp-text-image&#8221;]<\/p>\n<p data-start=\"40\" data-end=\"83\"><strong>Eesti &#8211; digitaalse \u00fchiskonna teerajaja<\/strong><\/p>\n<p data-start=\"84\" data-end=\"922\">Eestit nimetatakse sageli maailma esimeseks <strong data-start=\"129\" data-end=\"147\">digitaalseks riigiks<\/strong> oma teedrajava e-valitsemise ja tehnoloogilise m\u00f5tteviisi t\u00f5ttu.<\/p>\n<p data-start=\"84\" data-end=\"922\">Peaaegu <strong data-start=\"254\" data-end=\"305\">99% valitsemisteenustest on<\/strong> kodanikele ja e-residentidele <strong data-start=\"254\" data-end=\"305\">k\u00e4ttesaadavad internetis<\/strong>, alates ettev\u00f5tte registreerimisest kuni valimistel h\u00e4\u00e4letamiseni.<\/p>\n<p data-start=\"84\" data-end=\"922\">Turvalised digitaalsed identiteedid (ID-kaardid ja mobiil-ID) on \u00fcldlevinud, v\u00f5imaldades eestlastel allkirjastada dokumente, maksta makse ja saada tervishoiuteenuseid elektrooniliselt minimaalse vaevaga. Selline tehnoloogia kasutuselev\u00f5tt on loonud t\u00f5husa ja l\u00e4bipaistva \u00fchiskonna, mida sageli nimetatakse digitaalse \u00fcmberkujundamise eeskujuks.<\/p>\n<p data-start=\"84\" data-end=\"922\">Eesti kogemus n\u00e4itab, kuidas v\u00e4ike riik saab teha h\u00fcppe, k\u00e4sitledes valitsemist digitaalteenusena &#8211; see on toonud Eestile h\u00fc\u00fcdnime &#8220;e-Eesti&#8221;, kus b\u00fcrokraatia on v\u00e4ike ja mugavus suur.<\/p>\n<p>[\/vc_column_text]<style type=\"text\/css\" data-type=\"the7_shortcodes-inline-css\">#default-btn-2990fb8f6be362c9a1d9d9f3fe280256 {\n  font-size: 16px;\n  line-height: 18px;\n  font-weight: bold;\n  padding: 6px 2px 6px 2px;\n}\n#default-btn-2990fb8f6be362c9a1d9d9f3fe280256.ico-right-side > i {\n  margin-right: 0px;\n  margin-left: 8px;\n}\n#default-btn-2990fb8f6be362c9a1d9d9f3fe280256:after {\n  height: 0px;\n}\n#default-btn-2990fb8f6be362c9a1d9d9f3fe280256 > i {\n  margin-right: 8px;\n  font-size: 16px;\n}\n#default-btn-2990fb8f6be362c9a1d9d9f3fe280256:not(:hover),\n#default-btn-2990fb8f6be362c9a1d9d9f3fe280256.link-hover-off:hover {\n  color: #EE6352;\n  background: none;\n}\n#default-btn-2990fb8f6be362c9a1d9d9f3fe280256:not(:hover) *,\n#default-btn-2990fb8f6be362c9a1d9d9f3fe280256.link-hover-off:hover * {\n  color: #EE6352;\n  background: none;\n}\n#default-btn-2990fb8f6be362c9a1d9d9f3fe280256:not(.link-hover-off):hover {\n  color: #69203C;\n  background: none;\n}\n#default-btn-2990fb8f6be362c9a1d9d9f3fe280256:not(.link-hover-off):hover * {\n  color: #69203C;\n  background: none;\n}\n#default-btn-2990fb8f6be362c9a1d9d9f3fe280256.ico-right-side > i {\n  margin-right: 0px;\n  margin-left: 8px;\n}\n#default-btn-2990fb8f6be362c9a1d9d9f3fe280256 > i {\n  margin-right: 8px;\n}<\/style><div class=\"btn-align-left\"><a href=\"https:\/\/magrat.eu\/et\/contact\/\" class=\"default-btn-shortcode dt-btn-link button-arrow-upright-icon \" id=\"default-btn-2990fb8f6be362c9a1d9d9f3fe280256\" title=\"Contact\"><span>V\u00f5tke meiega \u00fchendust<\/span><\/a><\/div>\t\t<\/div><\/div>[\/vc_column][vc_column width=&#8221;1\/2&#8243;][vc_empty_space][vc_single_image image=&#8221;4072&#8243; img_size=&#8221;large&#8221; alignment=&#8221;center&#8221; css=&#8221;&#8221; el_class=&#8221;sp-slogan-image&#8221;][vc_empty_space][\/vc_column][\/vc_row][vc_row full_width=&#8221;stretch_row&#8221; equal_height=&#8221;yes&#8221; content_placement=&#8221;middle&#8221; css=&#8221;.vc_custom_1753356865714{padding-top: 10px !important;padding-bottom: 10px !important;background-color: #FBFBFF !important;}&#8221; el_class=&#8221;phone-reverse-col&#8221;][vc_column width=&#8221;1\/2&#8243;][vc_empty_space][vc_single_image image=&#8221;4074&#8243; img_size=&#8221;large&#8221; alignment=&#8221;center&#8221; css=&#8221;&#8221; el_class=&#8221;sp-slogan-image&#8221;][vc_empty_space][\/vc_column][vc_column width=&#8221;1\/2&#8243;]<div class=\"ult-content-box-container sp-heading-content\" >\t\t<div class=\"ult-content-box\" style=\"box-shadow: px px px px none;margin-top:0px;margin-right:50px;margin-bottom:0px;margin-left:50px;-webkit-transition: all 700ms ease;-moz-transition: all 700ms ease;-ms-transition: all 700ms ease;-o-transition: all 700ms ease;transition: all 700ms ease;\"  data-hover_box_shadow=\"none\"   data-responsive_margins=\"margin-top:50px;margin-right:0px;margin-bottom:0px;margin-left:0px;\"   data-normal_margins=\"margin-top:0px;margin-right:50px;margin-bottom:0px;margin-left:50px;\"  >[vc_column_text css=&#8221;.vc_custom_1753356714330{border-color: #282828 !important;}&#8221; el_class=&#8221;fp-text-image&#8221;]<\/p>\n<h3 data-start=\"632\" data-end=\"649\">Miks just Eesti?<\/h3>\n<ul data-start=\"650\" data-end=\"1039\">\n<li data-start=\"650\" data-end=\"706\">\n<p data-start=\"652\" data-end=\"706\"><strong data-start=\"652\" data-end=\"688\">100%-line ettev\u00f5tte registreerimine<\/strong> e-residentsuse kaudu<\/p>\n<\/li>\n<li data-start=\"707\" data-end=\"751\">\n<p data-start=\"709\" data-end=\"751\"><strong data-start=\"709\" data-end=\"729\">0% ettev\u00f5tte tulumaks<\/strong> kinnipeetud kasumilt<\/p>\n<\/li>\n<li data-start=\"752\" data-end=\"798\">\n<p data-start=\"754\" data-end=\"798\"><strong data-start=\"754\" data-end=\"777\">Topeltmaksustamise v\u00e4ltimise lepingud<\/strong> enam kui 60 riigiga<\/p>\n<\/li>\n<li data-start=\"861\" data-end=\"914\">\n<p data-start=\"863\" data-end=\"914\">T\u00e4ielik ELi liikmelisus (EL, euroala, Schengen, NATO)<\/p>\n<\/li>\n<li data-start=\"915\" data-end=\"979\">\n<p data-start=\"917\" data-end=\"979\"><strong data-start=\"917\" data-end=\"940\">e-Business Register<\/strong> ja maksus\u00fcsteemid on saadaval inglise keeles<\/p>\n<\/li>\n<li data-start=\"980\" data-end=\"1039\">\n<p data-start=\"982\" data-end=\"1039\">Usaldusv\u00e4\u00e4rne <strong data-start=\"990\" data-end=\"1024\">digitaalne identiteet ja e-allkiri<\/strong> \u00fclemaailmseks kasutamiseks<\/p>\n<\/li>\n<\/ul>\n<p>[\/vc_column_text]\t\t<\/div><\/div>[\/vc_column][\/vc_row][vc_row full_width=&#8221;stretch_row&#8221; equal_height=&#8221;yes&#8221; content_placement=&#8221;middle&#8221; css=&#8221;.vc_custom_1753356918752{padding-top: 10px !important;padding-bottom: 10px !important;background-color: #FBFBFF !important;}&#8221; el_class=&#8221;phone-reverse-col&#8221;][vc_column width=&#8221;1\/2&#8243;]<div class=\"ult-content-box-container sp-heading-content\" >\t\t<div class=\"ult-content-box\" style=\"box-shadow: px px px px none;margin-top:0px;margin-right:50px;margin-bottom:0px;margin-left:50px;-webkit-transition: all 700ms ease;-moz-transition: all 700ms ease;-ms-transition: all 700ms ease;-o-transition: all 700ms ease;transition: all 700ms ease;\"  data-hover_box_shadow=\"none\"   data-responsive_margins=\"margin-top:50px;margin-right:0px;margin-bottom:0px;margin-left:0px;\"   data-normal_margins=\"margin-top:0px;margin-right:50px;margin-bottom:0px;margin-left:50px;\"  >[vc_column_text css=&#8221;.vc_custom_1753356730367{border-color: #282828 !important;}&#8221; el_class=&#8221;fp-text-image&#8221;]<\/p>\n<h3 data-start=\"1046\" data-end=\"1076\">\u00dclemaailmne \u00e4riv\u00e4rav<\/h3>\n<p data-start=\"1077\" data-end=\"1108\">E-residentsuse abil saab iga\u00fcks:<\/p>\n<ul data-start=\"1109\" data-end=\"1310\">\n<li data-start=\"1109\" data-end=\"1148\">\n<p data-start=\"1111\" data-end=\"1148\">Ettev\u00f5tte k\u00e4ivitamine ja juhtimine eemalt<\/p>\n<\/li>\n<li data-start=\"1149\" data-end=\"1193\">\n<p data-start=\"1151\" data-end=\"1193\">allkirjastage dokumente ja esitage aruandeid veebip\u00f5hiselt<\/p>\n<\/li>\n<li data-start=\"1194\" data-end=\"1262\">\n<p data-start=\"1196\" data-end=\"1262\">Juurdep\u00e4\u00e4s usaldusv\u00e4\u00e4rsetele kohalikele partneritele raamatupidamise, \u00f5igusabi ja panganduse valdkonnas.<\/p>\n<\/li>\n<li data-start=\"1263\" data-end=\"1310\">\n<p data-start=\"1265\" data-end=\"1310\">Liituge \u00fcle 126 000 e-residenti h\u00f5lmava \u00fclemaailmse v\u00f5rgustikuga.<\/p>\n<\/li>\n<\/ul>\n<p>[\/vc_column_text]\t\t<\/div><\/div>[\/vc_column][vc_column width=&#8221;1\/2&#8243;][vc_empty_space][vc_single_image image=&#8221;3731&#8243; img_size=&#8221;large&#8221; alignment=&#8221;center&#8221; css=&#8221;&#8221; el_class=&#8221;sp-slogan-image&#8221;][vc_empty_space][\/vc_column][\/vc_row][vc_row css=&#8221;.vc_custom_1753356944800{padding-top: 30px !important;padding-bottom: 30px !important;}&#8221;][vc_column][vc_column_text css=&#8221;&#8221;]<\/p>\n<h3 style=\"text-align: center;\" data-start=\"1317\" data-end=\"1342\">Ehitatud innovatsiooni jaoks<\/h3>\n<p style=\"text-align: center;\" data-start=\"1343\" data-end=\"1607\">Eestis on 10 tehnoloogilist \u00fckssarvikut ja edukas idufirmade \u00f6kos\u00fcsteem. Valitsus toetab digitaalseid ettev\u00f5tteid <strong data-start=\"1467\" data-end=\"1489\">kaasaegsete \u00f5igusaktidega<\/strong>, sealhulgas <strong data-start=\"1515\" data-end=\"1534\">kr\u00fcptoteenuste<\/strong> litsentseerimisega, <strong data-start=\"1538\" data-end=\"1566\">digitaalettev\u00f5tete registriga<\/strong> ja <strong data-start=\"1574\" data-end=\"1606\">ettev\u00f5tjas\u00f5braliku maksus\u00fcsteemiga<\/strong>.<\/p>\n<p>[\/vc_column_text][\/vc_column][\/vc_row][vc_section el_id=&#8221;moore-contact-block&#8221;][vc_row][vc_column][vc_row_inner][vc_column_inner width=&#8221;1\/4&#8243; offset=&#8221;vc_hidden-sm vc_hidden-xs&#8221;][\/vc_column_inner][vc_column_inner width=&#8221;1\/2&#8243;][vc_empty_space][vc_column_text css=&#8221;&#8221;]<\/p>\n<h3 style=\"text-align: center;\" data-start=\"122\" data-end=\"226\">Kas olete valmis liituma digitaalse rahvaga?<\/h3>\n<p style=\"text-align: center;\">Ehitage oma \u00e4ri Eestis &#8211; \u00fcksk\u00f5ik kust maailma punktist.<\/p>\n<p>[\/vc_column_text][vc_empty_space][\/vc_column_inner][vc_column_inner width=&#8221;1\/4&#8243; offset=&#8221;vc_hidden-sm vc_hidden-xs&#8221;][\/vc_column_inner][\/vc_row_inner]<style type=\"text\/css\" data-type=\"the7_shortcodes-inline-css\">#default-btn-bb62807cb67cf1ba5a845e1e7402b975.ico-right-side > i {\n  margin-right: 0px;\n  margin-left: 8px;\n}\n#default-btn-bb62807cb67cf1ba5a845e1e7402b975 > i {\n  margin-right: 8px;\n}<\/style><div class=\"btn-align-center\"><a href=\"https:\/\/magrat.eu\/et\/contact\/\" class=\"default-btn-shortcode dt-btn dt-btn-m link-hover-off \" id=\"default-btn-bb62807cb67cf1ba5a845e1e7402b975\" title=\"Contact\"><span>V\u00f5tke meiega \u00fchendust<\/span><\/a><\/div>[\/vc_column][\/vc_row][\/vc_section]<\/p>\n<\/div>","protected":false},"excerpt":{"rendered":"<p>[vc_row full_width=&#8221;stretch_row&#8221; equal_height=&#8221;yes&#8221; content_placement=&#8221;middle&#8221; css=&#8221;.vc_custom_1753356894343{padding-top: 100px !important;padding-bottom: 10px !important;background-color: #FBFBFF !important;}&#8221; el_class=&#8221;phone-reverse-col&#8221;][vc_column width=&#8221;1\/2&#8243;][\/vc_column][vc_column width=&#8221;1\/2&#8243;][vc_empty_space][vc_single_image image=&#8221;4072&#8243; img_size=&#8221;large&#8221; alignment=&#8221;center&#8221; css=&#8221;&#8221; el_class=&#8221;sp-slogan-image&#8221;][vc_empty_space][\/vc_column][\/vc_row][vc_row full_width=&#8221;stretch_row&#8221; equal_height=&#8221;yes&#8221; content_placement=&#8221;middle&#8221; css=&#8221;.vc_custom_1753356865714{padding-top: 10px !important;padding-bottom: 10px !important;background-color: #FBFBFF !important;}&#8221; el_class=&#8221;phone-reverse-col&#8221;][vc_column width=&#8221;1\/2&#8243;][vc_empty_space][vc_single_image image=&#8221;4074&#8243; img_size=&#8221;large&#8221; alignment=&#8221;center&#8221; css=&#8221;&#8221; el_class=&#8221;sp-slogan-image&#8221;][vc_empty_space][\/vc_column][vc_column width=&#8221;1\/2&#8243;][\/vc_column][\/vc_row][vc_row full_width=&#8221;stretch_row&#8221; equal_height=&#8221;yes&#8221; content_placement=&#8221;middle&#8221; css=&#8221;.vc_custom_1753356918752{padding-top: 10px !important;padding-bottom: 10px !important;background-color: #FBFBFF !important;}&#8221; el_class=&#8221;phone-reverse-col&#8221;][vc_column width=&#8221;1\/2&#8243;][\/vc_column][vc_column width=&#8221;1\/2&#8243;][vc_empty_space][vc_single_image image=&#8221;3731&#8243; img_size=&#8221;large&#8221; alignment=&#8221;center&#8221; css=&#8221;&#8221; el_class=&#8221;sp-slogan-image&#8221;][vc_empty_space][\/vc_column][\/vc_row][vc_row&hellip;<\/p>\n","protected":false},"author":2,"featured_media":0,"parent":0,"menu_order":20,"comment_status":"closed","ping_status":"closed","template":"","meta":{"_acf_changed":false,"footnotes":""},"class_list":["post-4509","page","type-page","status-publish","hentry","description-off"],"acf":[],"yoast_head":"<!-- This site is optimized with the Yoast SEO plugin v27.3 - https:\/\/yoast.com\/product\/yoast-seo-wordpress\/ -->\n<title>Miks just Eesti? - Professional corporate services in Estonia | Magrat<\/title>\n<meta name=\"description\" content=\"Peaaegu 99% valitsemisteenustest on kodanikele ja e-residentidele k\u00e4ttesaadavad internetis, alates ettev\u00f5tte registreerimisest kuni valimistel h\u00e4\u00e4letamiseni.\" \/>\n<meta name=\"robots\" content=\"index, follow, max-snippet:-1, max-image-preview:large, max-video-preview:-1\" \/>\n<link rel=\"canonical\" href=\"https:\/\/magrat.eu\/et\/why-estonia\/\" \/>\n<meta property=\"og:locale\" content=\"et_EE\" \/>\n<meta property=\"og:type\" content=\"article\" \/>\n<meta property=\"og:title\" content=\"Miks just Eesti? - Professional corporate services in Estonia | Magrat\" \/>\n<meta property=\"og:description\" content=\"Peaaegu 99% valitsemisteenustest on kodanikele ja e-residentidele k\u00e4ttesaadavad internetis, alates ettev\u00f5tte registreerimisest kuni valimistel h\u00e4\u00e4letamiseni.\" \/>\n<meta property=\"og:url\" content=\"https:\/\/magrat.eu\/et\/why-estonia\/\" \/>\n<meta property=\"og:site_name\" content=\"Professional corporate services in Estonia | Magrat\" \/>\n<meta property=\"article:publisher\" content=\"https:\/\/www.facebook.com\/Magrat.eu\" \/>\n<meta property=\"article:modified_time\" content=\"2025-12-05T09:14:25+00:00\" \/>\n<meta property=\"og:image\" content=\"https:\/\/magrat.eu\/wp-content\/uploads\/2025\/10\/magrat-social-logo.jpg\" \/>\n\t<meta property=\"og:image:width\" content=\"1200\" \/>\n\t<meta property=\"og:image:height\" content=\"675\" \/>\n\t<meta property=\"og:image:type\" content=\"image\/jpeg\" \/>\n<meta name=\"twitter:card\" content=\"summary_large_image\" \/>\n<meta name=\"twitter:label1\" content=\"Est. reading time\" \/>\n\t<meta name=\"twitter:data1\" content=\"3 minutit\" \/>\n<script type=\"application\/ld+json\" class=\"yoast-schema-graph\">{\"@context\":\"https:\\\/\\\/schema.org\",\"@graph\":[{\"@type\":\"WebPage\",\"@id\":\"https:\\\/\\\/magrat.eu\\\/et\\\/why-estonia\\\/\",\"url\":\"https:\\\/\\\/magrat.eu\\\/et\\\/why-estonia\\\/\",\"name\":\"Miks just Eesti? - Professional corporate services in Estonia | Magrat\",\"isPartOf\":{\"@id\":\"https:\\\/\\\/magrat.eu\\\/#website\"},\"datePublished\":\"2025-07-24T11:16:35+00:00\",\"dateModified\":\"2025-12-05T09:14:25+00:00\",\"description\":\"Peaaegu 99% valitsemisteenustest on kodanikele ja e-residentidele k\u00e4ttesaadavad internetis, alates ettev\u00f5tte registreerimisest kuni valimistel h\u00e4\u00e4letamiseni.\",\"breadcrumb\":{\"@id\":\"https:\\\/\\\/magrat.eu\\\/et\\\/why-estonia\\\/#breadcrumb\"},\"inLanguage\":\"et\",\"potentialAction\":[{\"@type\":\"ReadAction\",\"target\":[\"https:\\\/\\\/magrat.eu\\\/et\\\/why-estonia\\\/\"]}]},{\"@type\":\"BreadcrumbList\",\"@id\":\"https:\\\/\\\/magrat.eu\\\/et\\\/why-estonia\\\/#breadcrumb\",\"itemListElement\":[{\"@type\":\"ListItem\",\"position\":1,\"name\":\"Home\",\"item\":\"https:\\\/\\\/magrat.eu\\\/et\\\/\"},{\"@type\":\"ListItem\",\"position\":2,\"name\":\"Miks just Eesti?\"}]},{\"@type\":\"WebSite\",\"@id\":\"https:\\\/\\\/magrat.eu\\\/#website\",\"url\":\"https:\\\/\\\/magrat.eu\\\/\",\"name\":\"Professional corporate services in Estonia | Magrat O\u00dc\",\"description\":\"\",\"publisher\":{\"@id\":\"https:\\\/\\\/magrat.eu\\\/#organization\"},\"potentialAction\":[{\"@type\":\"SearchAction\",\"target\":{\"@type\":\"EntryPoint\",\"urlTemplate\":\"https:\\\/\\\/magrat.eu\\\/?s={search_term_string}\"},\"query-input\":{\"@type\":\"PropertyValueSpecification\",\"valueRequired\":true,\"valueName\":\"search_term_string\"}}],\"inLanguage\":\"et\"},{\"@type\":\"Organization\",\"@id\":\"https:\\\/\\\/magrat.eu\\\/#organization\",\"name\":\"Professional corporate services in Estonia | Magrat O\u00dc\",\"url\":\"https:\\\/\\\/magrat.eu\\\/\",\"logo\":{\"@type\":\"ImageObject\",\"inLanguage\":\"et\",\"@id\":\"https:\\\/\\\/magrat.eu\\\/#\\\/schema\\\/logo\\\/image\\\/\",\"url\":\"https:\\\/\\\/magrat.eu\\\/wp-content\\\/uploads\\\/2025\\\/10\\\/magrat-logo-social.png\",\"contentUrl\":\"https:\\\/\\\/magrat.eu\\\/wp-content\\\/uploads\\\/2025\\\/10\\\/magrat-logo-social.png\",\"width\":696,\"height\":696,\"caption\":\"Professional corporate services in Estonia | Magrat O\u00dc\"},\"image\":{\"@id\":\"https:\\\/\\\/magrat.eu\\\/#\\\/schema\\\/logo\\\/image\\\/\"},\"sameAs\":[\"https:\\\/\\\/www.facebook.com\\\/Magrat.eu\"]}]}<\/script>\n<!-- \/ Yoast SEO plugin. -->","yoast_head_json":{"title":"Miks just Eesti? - Professional corporate services in Estonia | Magrat","description":"Peaaegu 99% valitsemisteenustest on kodanikele ja e-residentidele k\u00e4ttesaadavad internetis, alates ettev\u00f5tte registreerimisest kuni valimistel h\u00e4\u00e4letamiseni.","robots":{"index":"index","follow":"follow","max-snippet":"max-snippet:-1","max-image-preview":"max-image-preview:large","max-video-preview":"max-video-preview:-1"},"canonical":"https:\/\/magrat.eu\/et\/why-estonia\/","og_locale":"et_EE","og_type":"article","og_title":"Miks just Eesti? - Professional corporate services in Estonia | Magrat","og_description":"Peaaegu 99% valitsemisteenustest on kodanikele ja e-residentidele k\u00e4ttesaadavad internetis, alates ettev\u00f5tte registreerimisest kuni valimistel h\u00e4\u00e4letamiseni.","og_url":"https:\/\/magrat.eu\/et\/why-estonia\/","og_site_name":"Professional corporate services in Estonia | Magrat","article_publisher":"https:\/\/www.facebook.com\/Magrat.eu","article_modified_time":"2025-12-05T09:14:25+00:00","og_image":[{"width":1200,"height":675,"url":"https:\/\/magrat.eu\/wp-content\/uploads\/2025\/10\/magrat-social-logo.jpg","type":"image\/jpeg"}],"twitter_card":"summary_large_image","twitter_misc":{"Est. reading time":"3 minutit"},"schema":{"@context":"https:\/\/schema.org","@graph":[{"@type":"WebPage","@id":"https:\/\/magrat.eu\/et\/why-estonia\/","url":"https:\/\/magrat.eu\/et\/why-estonia\/","name":"Miks just Eesti? - Professional corporate services in Estonia | Magrat","isPartOf":{"@id":"https:\/\/magrat.eu\/#website"},"datePublished":"2025-07-24T11:16:35+00:00","dateModified":"2025-12-05T09:14:25+00:00","description":"Peaaegu 99% valitsemisteenustest on kodanikele ja e-residentidele k\u00e4ttesaadavad internetis, alates ettev\u00f5tte registreerimisest kuni valimistel h\u00e4\u00e4letamiseni.","breadcrumb":{"@id":"https:\/\/magrat.eu\/et\/why-estonia\/#breadcrumb"},"inLanguage":"et","potentialAction":[{"@type":"ReadAction","target":["https:\/\/magrat.eu\/et\/why-estonia\/"]}]},{"@type":"BreadcrumbList","@id":"https:\/\/magrat.eu\/et\/why-estonia\/#breadcrumb","itemListElement":[{"@type":"ListItem","position":1,"name":"Home","item":"https:\/\/magrat.eu\/et\/"},{"@type":"ListItem","position":2,"name":"Miks just Eesti?"}]},{"@type":"WebSite","@id":"https:\/\/magrat.eu\/#website","url":"https:\/\/magrat.eu\/","name":"Professional corporate services in Estonia | Magrat O\u00dc","description":"","publisher":{"@id":"https:\/\/magrat.eu\/#organization"},"potentialAction":[{"@type":"SearchAction","target":{"@type":"EntryPoint","urlTemplate":"https:\/\/magrat.eu\/?s={search_term_string}"},"query-input":{"@type":"PropertyValueSpecification","valueRequired":true,"valueName":"search_term_string"}}],"inLanguage":"et"},{"@type":"Organization","@id":"https:\/\/magrat.eu\/#organization","name":"Professional corporate services in Estonia | Magrat O\u00dc","url":"https:\/\/magrat.eu\/","logo":{"@type":"ImageObject","inLanguage":"et","@id":"https:\/\/magrat.eu\/#\/schema\/logo\/image\/","url":"https:\/\/magrat.eu\/wp-content\/uploads\/2025\/10\/magrat-logo-social.png","contentUrl":"https:\/\/magrat.eu\/wp-content\/uploads\/2025\/10\/magrat-logo-social.png","width":696,"height":696,"caption":"Professional corporate services in Estonia | Magrat O\u00dc"},"image":{"@id":"https:\/\/magrat.eu\/#\/schema\/logo\/image\/"},"sameAs":["https:\/\/www.facebook.com\/Magrat.eu"]}]}},"_links":{"self":[{"href":"https:\/\/magrat.eu\/et\/wp-json\/wp\/v2\/pages\/4509","targetHints":{"allow":["GET"]}}],"collection":[{"href":"https:\/\/magrat.eu\/et\/wp-json\/wp\/v2\/pages"}],"about":[{"href":"https:\/\/magrat.eu\/et\/wp-json\/wp\/v2\/types\/page"}],"author":[{"embeddable":true,"href":"https:\/\/magrat.eu\/et\/wp-json\/wp\/v2\/users\/2"}],"replies":[{"embeddable":true,"href":"https:\/\/magrat.eu\/et\/wp-json\/wp\/v2\/comments?post=4509"}],"version-history":[{"count":10,"href":"https:\/\/magrat.eu\/et\/wp-json\/wp\/v2\/pages\/4509\/revisions"}],"predecessor-version":[{"id":5631,"href":"https:\/\/magrat.eu\/et\/wp-json\/wp\/v2\/pages\/4509\/revisions\/5631"}],"wp:attachment":[{"href":"https:\/\/magrat.eu\/et\/wp-json\/wp\/v2\/media?parent=4509"}],"curies":[{"name":"wp","href":"https:\/\/api.w.org\/{rel}","templated":true}]}}